{"id":14,"date":"2010-09-19T17:04:46","date_gmt":"2010-09-19T17:04:46","guid":{"rendered":"http:\/\/www.smalandsakademi.se\/?page_id=14"},"modified":"2023-04-06T08:59:55","modified_gmt":"2023-04-06T08:59:55","slug":"lankar","status":"publish","type":"page","link":"http:\/\/www.smalandsakademi.se\/?page_id=14","title":{"rendered":"L\u00e4nkar"},"content":{"rendered":"<p>H\u00e4r finner du n\u00e5gra intressanta l\u00e4nkar till v\u00e5rt Sm\u00e5land.<\/p>\n<p><a href=\"http:\/\/hj.se\/\" target=\"_blank\" rel=\"noopener\">J\u00f6nk\u00f6pings universitet<\/a><\/p>\n<p><a href=\"http:\/\/lnu.se\" target=\"_blank\" rel=\"noopener\">Linn\u00e9universitetet<\/a><br \/>\n<a href=\"http:\/\/www.astridlindgren.se\/\" target=\"_blank\" rel=\"noopener\"> Astrid Lindgren<\/a><br \/>\n<a href=\"http:\/\/www.linnesrashult.se\/\" target=\"_blank\" rel=\"noopener\"> Linn\u00e9s R\u00e5shult<\/a><br \/>\n<a href=\"http:\/\/www.cnsallskapet.se\/\" target=\"_blank\" rel=\"noopener\"> Christina Nilsson &#8211; &#8221;N\u00e4ktergalen fr\u00e5n Sm\u00e5land&#8221;<\/a><br \/>\n<a href=\"http:\/\/rydbergsallskapet.nu\/\" target=\"_blank\" rel=\"noopener\"> Viktor Rydberg &#8211; hans liv och f\u00f6rfattarskap<\/a><br \/>\n<a href=\"https:\/\/sv.wikipedia.org\/wiki\/Esaias_Tegn%C3%A9r\">Skaldebiskopen Esaias Tegn\u00e9r<\/a><br \/>\n<a href=\"http:\/\/www.elinwagner.se\/\">Elin W\u00e4gner-s\u00e4llskapet<\/a><br \/>\n<a href=\"https:\/\/alfhenrikson.se\">Alf Henrikson-s\u00e4llskapet<\/a><\/p>\n<p><a href=\"http:\/\/www.forfattarsallskap.se\">Sm\u00e5lands f\u00f6rfattars\u00e4llskap<\/a><\/p>\n<p><a href=\"http:\/\/www.jkpglm.se\/\">J\u00f6nk\u00f6pings l\u00e4ns museum<\/a><br \/>\n<a href=\"http:\/\/www.kalmarlansmuseum.se\/1\/1.0.1.0\/2\/1\/\" target=\"_blank\" rel=\"noopener\"> Kalmar l\u00e4ns museum<\/a><br \/>\n<a href=\"http:\/\/kulturparkensmaland.se\" target=\"_blank\" rel=\"noopener\">Kulturparken Sm\u00e5land<br \/>\n<\/a><\/p>\n<p><a href=\"http:\/\/www.vaggeryd.se\/museum\" target=\"_blank\" rel=\"noopener\">Miliseum i Skillingaryd &#8211; milit\u00e4rhistoriskt museum<\/a><\/p>\n<p><a href=\"http:\/\/www.utvandrarnashus.se\/\" target=\"_blank\" rel=\"noopener\">Svenska Emigrantinstitutet<\/a><\/p>\n<p><a href=\"http:\/\/vilhelmmobergsallskapet.se\/\">Vilhelm Moberg-S\u00e4llskapet<\/a><\/p>\n<p><a href=\"http:\/\/www.ljungbergmuseet.se\/\" target=\"_blank\" rel=\"noopener\">Ljungbergsmuseet, Ljungby<\/a><\/p>\n<p><a href=\"http:\/\/www.vandalorum.se\/\" target=\"_blank\" rel=\"noopener\">Vandalorum, V\u00e4rnamo<\/a><\/p>\n<p><a href=\"http:\/\/www.lansbiblioteksydost.org\/\" target=\"_blank\" rel=\"noopener\">L\u00e4nsbibliotek Sydost med l\u00e4nkar till Lokallitteratur<\/a><\/p>\n<p><a href=\"https:\/\/www.visitsmaland.se\/sv\">V\u00e4lkommen till Sm\u00e5land: turism<\/a><\/p>\n<p><a href=\"https:\/\/www.regionkalmar.se\/\" target=\"_blank\" rel=\"noopener\">Region Kalmar l\u00e4n<\/a><\/p>\n<p><a href=\"https:\/\/www.regionkronoberg.se\/\" target=\"_blank\" rel=\"noopener\">Region Kronoberg<\/a><br \/>\n<a href=\"http:\/\/www.rjl.se\" target=\"_blank\" rel=\"noopener\">Region J\u00f6nk\u00f6pings l\u00e4n<\/a><\/p>\n<p><a href=\"https:\/\/sogak.se\/\">Sm\u00e5lands &amp; \u00d6lands gastronomiska akademi<\/a><\/p>\n<p>Andra provinsakademier<br \/>\n<a href=\"http:\/\/halsingeakademi.se\/\">H\u00e4lsinge akademi<\/a><br \/>\n<a href=\"http:\/\/www.noak.org\">Norrbottensakademin<\/a><br \/>\n<a href=\"https:\/\/skaraborgsakademi.se\/\">Skaraborgs akademi<\/a><br \/>\n<a href=\"http:\/\/skanskaakademien.se\/\">Sk\u00e5nska akademien<\/a><br \/>\n<a href=\"http:\/\/www.sormlandsakademien.se\/index.html\">S\u00f6rmlandsakademien<\/a><br \/>\n<a href=\"http:\/\/www.varmlandskaakademien.se\/\">V\u00e4rml\u00e4ndska akademien<\/a><\/p>\n<p>Sm\u00e5lands gillen finns p\u00e5 en rad orter:<br \/>\n<a href=\"http:\/\/www.smalandsgilleuppsala.se\">Uppsala<\/a><br \/>\n<a href=\"http:\/\/smalandsgille.se\">Stockholm<\/a><br \/>\n<a href=\"https:\/\/smalandsgillelund.se\">Lund<\/a><\/p>\n","protected":false},"excerpt":{"rendered":"<p>H\u00e4r finner du n\u00e5gra intressanta l\u00e4nkar till v\u00e5rt Sm\u00e5land. J\u00f6nk\u00f6pings [&hellip;]<\/p>\n","protected":false},"author":1,"featured_media":0,"parent":0,"menu_order":0,"comment_status":"open","ping_status":"open","template":"","meta":{"footnotes":""},"class_list":["post-14","page","type-page","status-publish","hentry"],"_links":{"self":[{"href":"http:\/\/www.smalandsakademi.se\/index.php?rest_route=\/wp\/v2\/pages\/14","targetHints":{"allow":["GET"]}}],"collection":[{"href":"http:\/\/www.smalandsakademi.se\/index.php?rest_route=\/wp\/v2\/pages"}],"about":[{"href":"http:\/\/www.smalandsakademi.se\/index.php?rest_route=\/wp\/v2\/types\/page"}],"author":[{"embeddable":true,"href":"http:\/\/www.smalandsakademi.se\/index.php?rest_route=\/wp\/v2\/users\/1"}],"replies":[{"embeddable":true,"href":"http:\/\/www.smalandsakademi.se\/index.php?rest_route=%2Fwp%2Fv2%2Fcomments&post=14"}],"version-history":[{"count":16,"href":"http:\/\/www.smalandsakademi.se\/index.php?rest_route=\/wp\/v2\/pages\/14\/revisions"}],"predecessor-version":[{"id":1735,"href":"http:\/\/www.smalandsakademi.se\/index.php?rest_route=\/wp\/v2\/pages\/14\/revisions\/1735"}],"wp:attachment":[{"href":"http:\/\/www.smalandsakademi.se\/index.php?rest_route=%2Fwp%2Fv2%2Fmedia&parent=14"}],"curies":[{"name":"wp","href":"https:\/\/api.w.org\/{rel}","templated":true}]}}