{"id":273,"date":"2010-10-10T14:27:06","date_gmt":"2010-10-10T14:27:06","guid":{"rendered":"http:\/\/www.smalandsakademi.se\/?page_id=273"},"modified":"2025-11-28T08:02:08","modified_gmt":"2025-11-28T08:02:08","slug":"emilpriset","status":"publish","type":"page","link":"http:\/\/www.smalandsakademi.se\/?page_id=273","title":{"rendered":"Emilpriset"},"content":{"rendered":"<p><strong><a href=\"http:\/\/www.smalandsakademi.se\/wp-content\/uploads\/2010\/10\/lind2.jpg\"><img loading=\"lazy\" decoding=\"async\" class=\"alignright size-thumbnail wp-image-168\" title=\"Astrid Lindgren\" src=\"http:\/\/www.smalandsakademi.se\/wp-content\/uploads\/2010\/10\/lind2-147x150.jpg\" alt=\"\" width=\"147\" height=\"150\" srcset=\"http:\/\/www.smalandsakademi.se\/wp-content\/uploads\/2010\/10\/lind2-147x150.jpg 147w, http:\/\/www.smalandsakademi.se\/wp-content\/uploads\/2010\/10\/lind2-40x40.jpg 40w\" sizes=\"auto, (max-width: 147px) 100vw, 147px\" \/><\/a>Astrid Lindgren <\/strong><strong><br \/>\n<\/strong><strong>F\u00f6rfattare<\/strong><strong><br \/>\n<\/strong><strong>F\u00f6dd 1907 i Vimmerby, <\/strong><strong><br \/>\n<\/strong><strong>d\u00f6d 2002 i Stockholm<\/strong><br \/>\nSveriges internationellt mest k\u00e4nda f\u00f6rfattare, \u00f6versatt till ett stort antal spr\u00e5k och \u00e4lskad av s\u00e5v\u00e4l barn som vuxna. M\u00e5nga av hennes b\u00f6cker h\u00e4mtade sitt motiv fr\u00e5n hennes barndoms Sm\u00e5land, en bygd som hon dock l\u00e4mnade som helt ung.<\/p>\n<h3>Emilpriset &#8211; till Astrid Lindgrens minne<br \/>\nf\u00f6r barnkulturella insatser i Astrid Lindgrens anda<\/h3>\n<p>Emilpriset delas ut i samarbete med Litteraturnod Vimmerby, en regional verksamhet med fokus p\u00e5 barnlitteratur som konstform utifr\u00e5n det litter\u00e4ra arvet efter Astrid Lindgren. Prissumman \u00e4r 50 000 kr.<\/p>\n<p>Tidigare medutdelare var Sveriges Radio Kronoberg och d\u00e4refter Saltkr\u00e5kan AB och Astrid Lindgren AB.<\/p>\n<p style=\"font-weight: 400;\"><strong>2025 Jakob Wegelius <\/strong><\/p>\n<p>F\u00f6r sina rika och m\u00e5ngfacetterade m\u00e4sterverk i ord och bild, som tar med l\u00e4saren p\u00e5 svindlande \u00e4ventyr till v\u00e4rldar v\u00e4vda av sagostoff skickligt f\u00f6rankrat i en historisk verklighet och som inte v\u00e4jer f\u00f6r m\u00f6rker och melankoli.<br \/>\n<a href=\"http:\/\/www.smalandsakademi.se\/wp-content\/uploads\/2025\/11\/Tal-till-Jakob-Wegelius.pdf\">Tal till Jakob Wegelius<\/a><\/p>\n<p><strong>2024 Emma AdB\u00e5ge<\/strong><\/p>\n<p>F\u00f6r ett m\u00e5ngsidigt och lekfullt bilderboksskapande k\u00e4nnetecknat av lyh\u00f6rdhet inf\u00f6r vardagens situationer och st\u00e4mningar, stor omsorg om varje detalj och ett konsekvent genomf\u00f6rt barnperspektiv som ger ber\u00e4ttelserna \u00e4kthet och djup.<br \/>\n<a href=\"http:\/\/www.smalandsakademi.se\/wp-content\/uploads\/2024\/11\/Emma-Adbage-2024-11-18-16_18_28.docx\">Tal till Emma AdB\u00e5ge<\/a><\/p>\n<p><strong>2021 Martin Widmark<br \/>\n<\/strong>F\u00f6r ett aldrig sinande fantasifl\u00f6de som har resulterat i ett of\u00f6rlikneligt f\u00f6rfattarskap med genomslag \u00f6ver hela v\u00e4rlden, och f\u00f6r ett brinnande patos f\u00f6r att fr\u00e4mja barns och ungas l\u00e4sning. Martin Widmark \u00e4r vision\u00e4ren som f\u00e5r saker att h\u00e4nda, som projektet En l\u00e4sande klass, och har genom Nelly Rapp, Halvdan viking och de unga detektiverna i dundersucc\u00e9n LasseMajas detektivbyr\u00e5 f\u00e5tt tusentals barn att b\u00f6rja sluka b\u00f6cker.<br \/>\n<a href=\"http:\/\/www.smalandsakademi.se\/wp-content\/uploads\/2021\/11\/Martin-Widmark2-1.docx\"><em>Tal till Martin Widmark<\/em><\/a><br \/>\n<em><a href=\"http:\/\/www.smalandsakademi.se\/?attachment_id=1558\" rel=\"attachment wp-att-1558\">Tacktal fr\u00e5n pristagarna av Martin Widmark<\/a><\/em><\/p>\n<p><strong>2020 Linda Belanner<br \/>\n<\/strong>F\u00f6r sin ledande roll i det framg\u00e5ngsrika arbetet med att utveckla barnradion i Sverige p\u00e5 nya plattformar.<br \/>\n<em><a href=\"http:\/\/www.smalandsakademi.se\/wp-content\/uploads\/2021\/06\/Tal-till-Linda-Belanner-.docx\">Tal till Linda Belanner<\/a><\/em><\/p>\n<p><strong>2019 Per Nilsson<br \/>\n<\/strong>F\u00f6r ett f\u00f6rfattarskap som gett oss ett p\u00e4rlband av ink\u00e4nnande och litter\u00e4rt drivna ungdomsromaner av yppersta kvalitet. I mer \u00e4n tre decennier har Per Nilsson st\u00e5tt i n\u00e4ra dialog med samtiden och dess unga hj\u00e4rtan med ber\u00e4ttelser som br\u00e4nner och ber\u00f6r.<br \/>\n<em><a href=\"http:\/\/www.smalandsakademi.se\/wp-content\/uploads\/2020\/10\/Tal-till-Per-Nilsson.docx\">Tal till Per Nilsson<\/a><\/em><strong><br \/>\n<\/strong><\/p>\n<p><strong>2018 Jan L\u00f6\u00f6f<br \/>\n<\/strong>Med sin omissk\u00e4nnliga stil, underfundiga humor och konstn\u00e4rliga integritet har L\u00f6\u00f6f skrivit in sig i den svenska barnbokshistorien, och sj\u00e4lv blivit kultf\u00f6rklarad. Delas ut med st\u00f6d av Astrid Lindgren AB<br \/>\n<a href=\"http:\/\/www.smalandsakademi.se\/wp-content\/uploads\/2018\/11\/Emilpriset-till-sagokonstn\u00e4ren-Jan-L\u00f6\u00f6f.docx\"><i>Tal till Jan L\u00f6\u00f6f<\/i><\/a><\/p>\n<p><strong>2017\u00a0Jujja Wieslander<br \/>\n<\/strong>F\u00f6r att hon har gett hundratusentals barn en enast\u00e5ende skatt av ber\u00e4ttelser, bilder och s\u00e5nger f\u00f6r b\u00e5de kropp och sj\u00e4l.\u00a0 Tillsammans med f\u00f6rre maken Tomas Wieslander skapade hon Mamma Mu, Kr\u00e5kan, Lillebror och Dagssp\u00f6ket. Efter hans d\u00f6d har hon fortsatt ber\u00e4tta om dessa \u00e4lskade barnboksfigurer.<br \/>\n<em><a href=\"http:\/\/www.smalandsakademi.se\/wp-content\/uploads\/2018\/01\/Tal-till-Wieslander.docx\">Tal till Wieslander<\/a><\/em><\/p>\n<p><strong>2016 \u00c5sa Storck<br \/>\n<\/strong>F\u00f6r att hon bem\u00e4strar den sv\u00e5ra konsten att skriva enkelt med spr\u00e5klig nerv och har f\u00f6rm\u00e5gan att ladda vardagliga situationer med inneh\u00e5ll och sp\u00e4nning. Ett flertal i \u00c5sa Storcks gedigna produktion av l\u00e4ttl\u00e4sta b\u00f6cker gestaltar p\u00e5 ett ink\u00e4nnande s\u00e4tt utsatta barns situation i Sverige. Hennes tre b\u00f6cker om flyktingpojken Milo \u00e4r i dag aktuellare \u00e4n n\u00e5gonsin.<br \/>\n<em><a href=\"http:\/\/www.smalandsakademi.se\/wp-content\/uploads\/2010\/10\/Tal-till-\u00c5sa-Storck.docx\">Tal till \u00c5sa Storck<\/a><\/em><\/p>\n<p><strong>2015 Johan Bernander<br \/>\n<\/strong>F\u00f6r hans starka engagemang f\u00f6r barnteater med uppskattade f\u00f6rest\u00e4llningar som f\u00f6rdjupat gestaltat barnens k\u00e4nsloregister. Han har ocks\u00e5 arrangerat sommarteater d\u00e4r barn sj\u00e4lva engagerats som sk\u00e5despelare i nyskrivna pj\u00e4ser.<br \/>\n<em><a href=\"http:\/\/www.smalandsakademi.se\/wp-content\/uploads\/2010\/10\/Tal-till-Johan-Bernander.docx\">Tal till Johan Bernander<\/a><\/em><\/p>\n<p><strong>2014 Per \u00c5hlin<br \/>\n<\/strong>F\u00f6r hans m\u00e5ng\u00e5riga g\u00e4rning som skapare och f\u00f6rnyare av svensk animerad film. Dunderklumpen, Resan till Melonia och Hundhotellet \u00e4r exempel p\u00e5 l\u00e5ngfilmer med hans signum. Od\u00f6dlig f\u00f6r en stor svensk publik har \u00c5hlin blivit genom Sagan om Karl-Bertil Jonssons julafton till Tage Danielssons text. Lilla Anna, Alfons \u00c5berg och nu senast Emil och Ida i L\u00f6nneberga \u00e4r \u00e4lskade barnboksfigurer som f\u00e5tt liv p\u00e5 filmens duk genom Per \u00c5hlins konstn\u00e4rskap.\u00a0<em><a href=\"http:\/\/www.smalandsakademi.se\/wp-content\/uploads\/2015\/02\/Tal-till-Per-\u00c5hlin.pdf\">Tal till Per \u00c5hlin<\/a><\/em><\/p>\n<p><strong>2013\u00a0Katarina von Bredow<br \/>\n<\/strong>Bredow \u00e4r en av v\u00e5r tids mest framst\u00e5ende svenska f\u00f6rfattare av b\u00f6cker f\u00f6r barn och ungdom. Hon f\u00e5r priset f\u00f6r sin f\u00f6rm\u00e5ga att p\u00e5 ett ink\u00e4nnande s\u00e4tt gestalta ton\u00e5ringars k\u00e4nslor och sexualitet och f\u00f6r sina starka skildringar av den grymma skolv\u00e4rlden d\u00e4r feghet mot mobbning kan vara ett uppr\u00f6rande inslag.\u00a0<em><a href=\"http:\/\/www.smalandsakademi.se\/wp-content\/uploads\/2015\/02\/Tal-till-Katarina.pdf\">Tal till Katarina von Bredow<\/a><\/em><\/p>\n<p><strong>2012 Anna H\u00f6glund<\/strong><br \/>\nHon har en rik produktion bakom sig b\u00e5de som illustrat\u00f6r och som egen konstn\u00e4r med ansvar f\u00f6r b\u00e5de text och bild. Till hennes karakteristiska drag h\u00f6r en glad naivitet men hon kan ocks\u00e5 med ett enkelt bildspr\u00e5k och f\u00e5 ord f\u00f6rmedla en ber\u00e4ttelse om skapelse, liv och d\u00f6d. Det s\u00e4tt p\u00e5 vilket hon n\u00e4rmar sig barnet och f\u00f6rmedlar dess k\u00e4nslor g\u00f6r henne till en v\u00e4rdig mottagare av Emilpriset.<\/p>\n<p><strong><strong>2011\u00a0Gunilla Bergstr\u00f6m<br \/>\n<\/strong><\/strong> Med v\u00e4rme och humor och genom ett s\u00e4rpr\u00e4glat bildspr\u00e5k har hon skapat gestalter som Alfons \u00c5berg, Milla och Bill och Bolla och visar genom dem en djup f\u00f6rst\u00e5else f\u00f6r barnets egenart. Mot grundtryggheten i b\u00f6ckerna om Alfons och hans kompis Milla st\u00e5r den v\u00e4xling mellan sorg och gl\u00e4dje som k\u00e4nnetecknar st\u00e4mningen i <em>Ramsor och tramsor om Bill och Bolla<\/em> och <em>Tokigt och klokigt<\/em>, b\u00f6cker som \u00e4r inspirerade av Gunilla Bergstr\u00f6ms utvecklingsst\u00f6rda dotter.<\/p>\n<p><strong><strong>2010 Pija Lindenbaum<br \/>\n<\/strong><\/strong>Pija Lindenbaum f\u00f6r hennes lysande och egensinniga s\u00e4tt att med humor och originalitet sm\u00e4lta samman text och bild till en unik enhet. Tydligt \u00e4r detta i Else-Marie och sm\u00e5papporna som blev hennes internationella genombrott, men \u00e4ven i b\u00f6ckerna om Gittan Gittan och gr\u00e5vargarna, Gittan och f\u00e5rskal-larna och Gittan och \u00e4lgbrorsorna. H\u00e4r visar hon hur skr\u00e4ck och skratt g\u00e5r att f\u00f6rena och lyfter fram barns f\u00f6rm\u00e5ga att skarpsinnigt iaktta verkligheten samtidigt som de med fantasins hj\u00e4lp g\u00f6r upplevelsen hanterbar. Lill-Zlatan och morbror raring samt Siv sover vilse kan n\u00e4mnas som ytterligare exempel p\u00e5 hennes skapargl\u00e4dje.<\/p>\n<p><strong><strong>2009 Johanna Tydell<\/strong><br \/>\n<\/strong><\/p>\n<p>Johanna Thydell har genom sina romaner I taket lyser stj\u00e4rnorna och Det fattas en t\u00e4rning med spr\u00e5klig s\u00e4kerhet och p\u00e5 sj\u00e4lvlysande prosa visat sin f\u00f6rm\u00e5ga att leva sig in i en os\u00e4ker och otrygg ton\u00e5rings komplicerade livssituation med de tv\u00e4ra kasten mellan hopp och f\u00f6rtvivlan.<\/p>\n<p><strong>2008 Eva Eriksson<\/strong><\/p>\n<p>Med sin enast\u00e5ende f\u00f6rm\u00e5ga att utvidga textens dimensioner har hon levandegjort bilderboksgestalter som Max, Vilda Bebin och hunden Rosa. Margareta Str\u00f6mstedts Majken och Viveca L\u00e4rns Mimmi och Eddie \u00e4r exempel p\u00e5 andra barnboksgestalter vilkas drag hon f\u00f6rst\u00e4rkt. Med h\u00e4rlig humor har hon illustrerat Christina Bj\u00f6rks text i Astrid Lindgrens \u00e4ventyr innan hon blev Astrid Lindgren. Hennes lekfullt busiga bilder g\u00f6r henne till en \u00e4kta arvtagerska till hyssmakaren Emil.<\/p>\n<p><strong>2007 Christina Bj\u00f6rk<\/strong><br \/>\nHon r\u00f6r sig ika hemtam i Astrid Lindgrens barndomsv\u00e4rld p\u00e5 N\u00e4s i Vimmerby som i Claude Monets tr\u00e4dg\u00e5rd och p\u00e5 Tove Janssons barndoms\u00f6ar. I \u00e5rets bok \u201dAstrids \u00e4ventyr \u2013 innan hon blev Astrid Lindgren\u201d f\u00f6ljer hon flickan Astrid i sp\u00e5ren, p\u00e5hitten innan de kom i bok och sagorna n\u00e4r de f\u00f6rsta g\u00e5ngen ber\u00e4ttades och skapade mirakel.<\/p>\n<p><strong>2006 Solveig Olsson-Hultgren<\/strong><br \/>\nF\u00f6r ett f\u00f6rfattarskap f\u00f6r barn och ungdom som rymmer s\u00e5v\u00e4l fantasi och saga som prolet\u00e4r vardagsrealism. P\u00e5 ett levande spr\u00e5k och med skickligt anlagd tids- och milj\u00f6f\u00e4rg skildrar hon sm\u00e5l\u00e4ndsk torparmilj\u00f6, sm\u00e5l\u00e4ndsk bruksmilj\u00f6 samt 1920- och 30-talets V\u00e4xj\u00f6. Hon har \u00e4ven l\u00e5nat sagans och satirens form \u00e5t sitt sk\u00f6nlitter\u00e4rt uttryckta engagemang f\u00f6r de svaga i samh\u00e4llet.<\/p>\n<p><strong>2005 Ulf Stark<\/strong><br \/>\nF\u00f6r ett rikt och varierat barnlitter\u00e4rt f\u00f6rfattarskap, pr\u00e4glat av humor och ber\u00e4ttargl\u00e4dje som ger relief \u00e5t det djup och allvar som vittnar om f\u00f6rst\u00e5else och medk\u00e4nsla f\u00f6r utsatta barns levnadsf\u00f6rh\u00e5llanden.<\/p>\n<p><strong>2004 Marit T\u00f6rnqvist<\/strong><br \/>\nMed lust och ur egen sm\u00e5l\u00e4ndsk erfarenhet har Marit T\u00f6rnqvist gett nytt liv \u00e5t Astrid Lindgrens milj\u00f6er, inte minst Junibacken i Stockholm \u2013 hon bjuder d\u00e4r p\u00e5 en fantasieggande resa genom de mest k\u00e4nda verken. Kongenialt har hon ocks\u00e5, i flera bilderb\u00f6cker, tolkat Astrid Lindgrens texter p\u00e5 ett igenk\u00e4nnligt och \u00e4nd\u00e5 alldeles nytt s\u00e4tt. <strong>2003 Eva Bexell<\/strong><br \/>\nF\u00f6r hennes m\u00e5ng\u00e5riga engagerande f\u00f6rfattarskap d\u00e4r barn ofta har en framtr\u00e4dande roll, men d\u00e4r ber\u00e4ttelserna i sig uttrycker en gemenskap tv\u00e4rs \u00f6ver \u00e5lders- och klassgr\u00e4nser.<\/p>\n<p><strong>2002 Lena T\u00f6rnqvist\u00a0<strong><br \/>\n<span style=\"font-weight: normal;\"> Hennes kunskap och id\u00e9rikedom, entusiasm och uth\u00e5llighet har pr\u00e4glat och pr\u00e4glar det unika Astrid Lindgren-landskap som skapats och skapas i Vimmerby, med Astrid Lindgren-g\u00e5rden, Astrid Lindgrens v\u00e4rld-parken och det forskningscentrum som planeras i pr\u00e4stg\u00e5rden p\u00e5 N\u00e4s. Forskare, Astrid Lindgren-k\u00e4nnare, f\u00f6rfattare och curator, alltid nyfiken, alltid redo att pr\u00f6va det som aldrig pr\u00f6vats. Ingen f\u00f6rtj\u00e4nar ett Emilpris b\u00e4ttre \u00e4n Lena T\u00f6rnqvist.<\/span><\/strong><\/strong><\/p>\n<p><strong>2001 Elisabeth Hjortvid <\/strong><\/p>\n<p>F\u00f6r ett f\u00f6rfattarskap som v\u00e4nder sig till barn i alla \u00e5ldrar. Med bredd och djup skildrar hon s\u00e5v\u00e4l fr\u00e4mmande milj\u00f6er och svunna tider som v\u00e5r egen samtid och n\u00e4rmilj\u00f6. Detta sker p\u00e5 ett trov\u00e4rdigt och \u00f6vertygande s\u00e4tt och med sakkunskap och stor inlevelse.<br \/>\n<strong>2000 Gunilla Lundgren<\/strong><br \/>\nF\u00f6r hennes m\u00e5ng\u00e5riga engagerade f\u00f6rfattarskap i samarbete med barn som kommit flyttande till Sverige och blivit delar av v\u00e5rt nya m\u00e5ngkulturella land.<\/p>\n<p><strong>1999 Barbro Lindgren<\/strong><br \/>\nF\u00f6r ett dj\u00e4rvt och nyskapande f\u00f6rfattarskap f\u00f6r b\u00e5de barn och vuxna. Hon f\u00f6renar barnets klarsynthet och absurda fantasi med vuxen visdom och medk\u00e4nsla &#8211; i branta kast mellan ljus och m\u00f6rker, fr\u00e5n den vilda bebins glada rum till den gr\u00e5a \u00e5ngesten hos de utsatta i samh\u00e4llets utkanter.<\/p>\n<p><strong>1998 Ebbe Westergren<\/strong><br \/>\nF\u00f6r hans idoga arbete att inom skolan levandeg\u00f6ra hembygdens historia och p\u00e5 ett f\u00f6red\u00f6mligt och nydanande s\u00e4tt presentera k\u00e4llmaterial, ta fram nya l\u00e4romedel och f\u00f6rmedla starka upplevelser till barn.<\/p>\n<p><strong>1997 Per Gustavsson<\/strong><br \/>\nF\u00f6r hans insatser att \u00e5teruppt\u00e4cka den muntliga ber\u00e4ttartraditionen genom att med humor och inlevelse i Mickels i L\u00e5nghult anda muntligt och i skrift f\u00f6rmedla sagor och s\u00e4gner till b\u00e5de barn och vuxna.<\/p>\n<p><strong>1996 Runer Jonsson<\/strong><br \/>\nF\u00f6r ett 50-\u00e5rigt rikt f\u00f6rfattarskap, med speciell inriktning p\u00e5 barn- och ungdomslitteratur, pr\u00e4glat av humanism, tolerans och antiv\u00e5ld, och ett ber\u00e4ttande som gjort honom till en av v\u00e5ra mest \u00f6versatta svenska f\u00f6rfattare.<\/p>\n<p><strong>1995 Bibi och Tommy Isacsson<\/strong><br \/>\nF\u00f6r deras outtr\u00f6ttliga arbete vid anl\u00e4ggningen av &#8221;Astrid Lindgrens v\u00e4rld&#8221; i Vimmerby, d\u00e4r de med konstn\u00e4rlig integritet och yrkesskicklig levandegjort de olika milj\u00f6erna i Astrid Lindgrens b\u00f6cker och p\u00e5 s\u00e5 s\u00e4tt, f\u00f6r b\u00e5de barn och vuxna, skapat en gemensam plats d\u00e4r fantasi och verklighet kan m\u00f6tas.<\/p>\n<div><span style=\"font-size: 11px;\">\u00a0<\/span><\/div>\n<div><span style=\"font-size: 11px;\"><strong>\u00a0<\/strong><\/span><\/div>\n","protected":false},"excerpt":{"rendered":"<p>Astrid Lindgren F\u00f6rfattare F\u00f6dd 1907 i Vimmerby, d\u00f6d 2002 i [&hellip;]<\/p>\n","protected":false},"author":1,"featured_media":0,"parent":0,"menu_order":0,"comment_status":"open","ping_status":"open","template":"","meta":{"footnotes":""},"class_list":["post-273","page","type-page","status-publish","hentry"],"_links":{"self":[{"href":"http:\/\/www.smalandsakademi.se\/index.php?rest_route=\/wp\/v2\/pages\/273","targetHints":{"allow":["GET"]}}],"collection":[{"href":"http:\/\/www.smalandsakademi.se\/index.php?rest_route=\/wp\/v2\/pages"}],"about":[{"href":"http:\/\/www.smalandsakademi.se\/index.php?rest_route=\/wp\/v2\/types\/page"}],"author":[{"embeddable":true,"href":"http:\/\/www.smalandsakademi.se\/index.php?rest_route=\/wp\/v2\/users\/1"}],"replies":[{"embeddable":true,"href":"http:\/\/www.smalandsakademi.se\/index.php?rest_route=%2Fwp%2Fv2%2Fcomments&post=273"}],"version-history":[{"count":49,"href":"http:\/\/www.smalandsakademi.se\/index.php?rest_route=\/wp\/v2\/pages\/273\/revisions"}],"predecessor-version":[{"id":2090,"href":"http:\/\/www.smalandsakademi.se\/index.php?rest_route=\/wp\/v2\/pages\/273\/revisions\/2090"}],"wp:attachment":[{"href":"http:\/\/www.smalandsakademi.se\/index.php?rest_route=%2Fwp%2Fv2%2Fmedia&parent=273"}],"curies":[{"name":"wp","href":"https:\/\/api.w.org\/{rel}","templated":true}]}}