{"id":557,"date":"2013-04-20T09:44:47","date_gmt":"2013-04-20T09:44:47","guid":{"rendered":"http:\/\/www.smalandsakademi.se\/?page_id=557"},"modified":"2023-04-02T14:41:33","modified_gmt":"2023-04-02T14:41:33","slug":"verksamhet","status":"publish","type":"page","link":"http:\/\/www.smalandsakademi.se\/?page_id=557","title":{"rendered":"Verksamhet"},"content":{"rendered":"<p>Verksamheten best\u00e5r framf\u00f6r allt av kommunbes\u00f6k med f\u00f6rel\u00e4sningar, h\u00f6gtidssammankomster och prisutdelningar samt publikationer. De senare finns publicerade p\u00e5 hemsidan. H\u00e4r l\u00e4ggs verksamhetsber\u00e4ttelserna fr\u00e5n senare \u00e5r ut:<\/p>\n<p><a href=\"http:\/\/www.smalandsakademi.se\/wp-content\/uploads\/2013\/04\/SMAK-verksamhet-2002.doc\">SMAK verksamhet 2002<\/a><\/p>\n<p>2003<\/p>\n<p><a href=\"http:\/\/www.smalandsakademi.se\/wp-content\/uploads\/2013\/04\/SMAK-verksamhet-2004.doc\">SMAK verksamhet 2004<\/a><\/p>\n<p><a href=\"http:\/\/www.smalandsakademi.se\/wp-content\/uploads\/2013\/04\/SMAK-verksamhet-2005.doc\">SMAK verksamhet 2005<\/a><\/p>\n<p><a href=\"http:\/\/www.smalandsakademi.se\/wp-content\/uploads\/2013\/04\/SMAK-verksamhet-2006.doc\">SMAK verksamhet 2006<\/a><\/p>\n<p><a href=\"http:\/\/www.smalandsakademi.se\/wp-content\/uploads\/2013\/04\/SMAK-verksamhet-2007.doc\">SMAK verksamhet 2007<\/a><\/p>\n<p>2008<\/p>\n<p><a href=\"http:\/\/www.smalandsakademi.se\/wp-content\/uploads\/2013\/04\/SMAK-verksamhet-2009.doc\">SMAK verksamhet 2009<\/a><\/p>\n<p><a href=\"http:\/\/www.smalandsakademi.se\/wp-content\/uploads\/2013\/04\/SMAK-verksamhet-2010.doc\">SMAK verksamhet 2010<\/a><\/p>\n<p><a href=\"http:\/\/www.smalandsakademi.se\/wp-content\/uploads\/2013\/04\/SMAK-verksamhet-2011.doc\">SMAK verksamhet 2011<\/a><\/p>\n<p><a href=\"http:\/\/www.smalandsakademi.se\/wp-content\/uploads\/2013\/04\/SMAK-verksamhet-2012.doc\">SMAK verksamhet 2012<\/a><\/p>\n<p><a href=\"http:\/\/www.smalandsakademi.se\/wp-content\/uploads\/2019\/03\/SMAK-Verksamhet-2013.docx\">SMAK Verksamhet 2013<\/a><\/p>\n<p><a href=\"http:\/\/www.smalandsakademi.se\/wp-content\/uploads\/2019\/03\/SMAK-Verksamhet-2014.docx\">SMAK Verksamhet 2014<\/a><\/p>\n<p><a href=\"http:\/\/www.smalandsakademi.se\/wp-content\/uploads\/2019\/03\/SMAK-Verksamhet-2015.docx\">SMAK Verksamhet 2015<\/a><\/p>\n<p><a href=\"http:\/\/www.smalandsakademi.se\/wp-content\/uploads\/2019\/03\/SMAK-Verksamhet-2016.docx\">SMAK Verksamhet 2016<\/a><\/p>\n<p><a href=\"http:\/\/www.smalandsakademi.se\/wp-content\/uploads\/2019\/03\/SMAK-Verksamhet-2017.docx\">SMAK Verksamhet 2017<\/a><\/p>\n<p><a href=\"http:\/\/www.smalandsakademi.se\/wp-content\/uploads\/2019\/03\/SMAK-Verksamhet-2018.docx\">SMAK Verksamhet 2018<\/a><\/p>\n<p><a href=\"https:\/\/kalmarlansmuseum-my.sharepoint.com\/:w:\/g\/personal\/orjan_molander_kalmarlansmuseum_se\/EbS9X-dN3_ZEio_iEbYtzgkB41LziwbWmgLcOnhNzrMCow?e=CUC2Q3\">SMAK Verksamhet 2019<\/a><\/p>\n<p><a href=\"http:\/\/www.smalandsakademi.se\/wp-content\/uploads\/2022\/04\/VERKSAMHETSBER\u00c4TTELSE-2020.docx\">SMAK Verksamhet 2020<\/a><\/p>\n<p><a href=\"http:\/\/www.smalandsakademi.se\/wp-content\/uploads\/2022\/04\/Verksamhet-2021.docx\">SMAK Verksamhet 2021<\/a><\/p>\n<p><a href=\"http:\/\/www.smalandsakademi.se\/wp-content\/uploads\/2023\/04\/Smalands-Akademi-VERKSAMHETSBERATTELSE-2022.docx\">SMAK Verksamhet 2022<\/a><\/p>\n","protected":false},"excerpt":{"rendered":"<p>Verksamheten best\u00e5r framf\u00f6r allt av kommunbes\u00f6k med f\u00f6rel\u00e4sningar, h\u00f6gtidssammankomster och [&hellip;]<\/p>\n","protected":false},"author":2,"featured_media":0,"parent":4,"menu_order":1,"comment_status":"open","ping_status":"closed","template":"","meta":{"footnotes":""},"class_list":["post-557","page","type-page","status-publish","hentry"],"_links":{"self":[{"href":"http:\/\/www.smalandsakademi.se\/index.php?rest_route=\/wp\/v2\/pages\/557","targetHints":{"allow":["GET"]}}],"collection":[{"href":"http:\/\/www.smalandsakademi.se\/index.php?rest_route=\/wp\/v2\/pages"}],"about":[{"href":"http:\/\/www.smalandsakademi.se\/index.php?rest_route=\/wp\/v2\/types\/page"}],"author":[{"embeddable":true,"href":"http:\/\/www.smalandsakademi.se\/index.php?rest_route=\/wp\/v2\/users\/2"}],"replies":[{"embeddable":true,"href":"http:\/\/www.smalandsakademi.se\/index.php?rest_route=%2Fwp%2Fv2%2Fcomments&post=557"}],"version-history":[{"count":11,"href":"http:\/\/www.smalandsakademi.se\/index.php?rest_route=\/wp\/v2\/pages\/557\/revisions"}],"predecessor-version":[{"id":1732,"href":"http:\/\/www.smalandsakademi.se\/index.php?rest_route=\/wp\/v2\/pages\/557\/revisions\/1732"}],"up":[{"embeddable":true,"href":"http:\/\/www.smalandsakademi.se\/index.php?rest_route=\/wp\/v2\/pages\/4"}],"wp:attachment":[{"href":"http:\/\/www.smalandsakademi.se\/index.php?rest_route=%2Fwp%2Fv2%2Fmedia&parent=557"}],"curies":[{"name":"wp","href":"https:\/\/api.w.org\/{rel}","templated":true}]}}