{"id":8,"date":"2010-09-19T17:03:32","date_gmt":"2010-09-19T17:03:32","guid":{"rendered":"http:\/\/www.smalandsakademi.se\/?page_id=8"},"modified":"2024-11-18T16:04:02","modified_gmt":"2024-11-18T16:04:02","slug":"priser","status":"publish","type":"page","link":"http:\/\/www.smalandsakademi.se\/?page_id=8","title":{"rendered":"Priser"},"content":{"rendered":"<p><a href=\"http:\/\/www.smalandsakademi.se\/?page_id=198\">\u00d6strabopriset<\/a> (till Esaias Tegn\u00e9rs minne)<\/p>\n<p><a href=\"http:\/\/www.smalandsakademi.se\/?page_id=257\">Linn\u00e9priset<\/a> (f\u00f6r insatser inom linneanska f\u00e4lt)<\/p>\n<p><a href=\"http:\/\/www.smalandsakademi.se\/?page_id=267\">Wallquistpriset<\/a> (f\u00f6r f\u00f6rfattarskap och forskning med kyrklig anknytning)<\/p>\n<p><a href=\"http:\/\/www.smalandsakademi.se\/?page_id=273\">Emilpriset<\/a> (till Astrid Lindgrens \u00e4ra)<\/p>\n<p><a href=\"http:\/\/www.smalandsakademi.se\/?page_id=326\">Dag Hammarskj\u00f6ldpriset<\/a> (till Dag Hammarskj\u00f6lds minne)<\/p>\n<p><a href=\"http:\/\/www.smalandsakademi.se\/?page_id=284\">Viktor Rydbergpriset<\/a> (till Viktor Rydbergs minne)<\/p>\n<p><a href=\"http:\/\/www.smalandsakademi.se\/?page_id=1002\">Hylt\u00e9n-Cavalliuspriset<\/a> (Historiepriset till Gunnar Olof Hylt\u00e9n-Cavallius minne)<\/p>\n<p><span class=\"s4\"><a href=\"http:\/\/www.smalandsakademi.se\/?page_id=1130\">Jon Engstr\u00f6mpriset<\/a> (Sm\u00e5lands akademis och BAROMETERN\/Stiftelsen Barometerns<\/span>\u00a0kulturpris till minne<span class=\"s4\">\u00a0av\u00a0<\/span><span class=\"s4\">Jon Engstr\u00f6m)<\/span><\/p>\n<p><a href=\"https:\/\/www.smalandsakademi.se\/?page_id=1356\">Sm\u00e5lands kulturpris<\/a> (till lovande\u00a0konstn\u00e4r, f\u00f6rfattare, musiker eller n\u00e4rliggande kulturverksamhet)<\/p>\n<p>SM\u00c5LANDS AKADEMIS PRIS TILL LINN\u00c9UNIVERSITET delades ut 2009.<br \/>\nF\u00f6r att sl\u00e5 en \u00e4n starkare brygga mellan akademin och den h\u00f6gre utbildningen utdelar akademin ett s\u00e4rskilt pris i anledning av bildandet av Linn\u00e9universitetet. F\u00f6r sitt dj\u00e4rva tilltag att med Linn\u00e9 som f\u00f6rebild \u00f6verskrida gr\u00e4nserna f\u00f6r de Sm\u00e5 landen och av tv\u00e5 h\u00f6gskolor bilda ett universitet som med nyfikenhet, nyskapande och nyttigg\u00f6rande utvecklar ekonomin, hush\u00e5llningen, kulturkunskaperna och naturvetandet.<br \/>\nPriset \u00e4r ett konstverk i glas utf\u00f6rt av Bertil Vallien.<\/p>\n<h2><strong>NOMINERINGAR<\/strong><\/h2>\n<p style=\"font-weight: 400;\">F\u00f6ljande uppgifter vill vi ha med vid nomineringar:<\/p>\n<ol style=\"font-weight: 400;\">\n<li>Namn p\u00e5 nominerad:<\/li>\n<li>Yrke:<\/li>\n<li>F\u00f6delse\u00e5r:<\/li>\n<li>Bostadsort och ev. koppling till Sm\u00e5land:<\/li>\n<li>Kort sammanfattning av varf\u00f6r viss person f\u00f6resl\u00e5s, ett riktm\u00e4rke \u00e4r ca 1000 tecken inkl. blanksteg.<\/li>\n<li>Bifoga l\u00e4nkar d\u00e4r man kan l\u00e4sa mer.<\/li>\n<li>Namn p\u00e5 den som nominerat och \u00e5rtal f\u00f6r nomineringen.<\/li>\n<\/ol>\n<p style=\"font-weight: 400;\">F\u00f6r att komma ifr\u00e5ga f\u00f6r \u00e5rets priser vill vi ha nominering senast den 15 januari. Vi offentligg\u00f6r aldrig de nominerades namn, utan bara pristagarnas. Det brukar ske i m\u00e5nadsskiftet oktober\/november, allts\u00e5 ett par veckor f\u00f6re utdelning. Namn p\u00e5 nominerade som akademin bed\u00f6mer intressanta ligger kvar till kommande \u00e5r.<\/p>\n<p><b>L\u00e4s kriterierna och s\u00e4nd ditt f\u00f6rslag med motivering till v\u00e5r prissamordnare Erik Lindfelt (<a href=\"mailto:erik.lindfelt@outlook.com\">erik.lindfelt@outlook.com<\/a> ) eller Brahegatan 6, 553 34 J\u00f6nk\u00f6ping.<\/b><\/p>\n","protected":false},"excerpt":{"rendered":"<p>\u00d6strabopriset (till Esaias Tegn\u00e9rs minne) Linn\u00e9priset (f\u00f6r insatser inom linneanska [&hellip;]<\/p>\n","protected":false},"author":1,"featured_media":161,"parent":0,"menu_order":0,"comment_status":"open","ping_status":"closed","template":"","meta":{"footnotes":""},"class_list":["post-8","page","type-page","status-publish","has-post-thumbnail","hentry"],"_links":{"self":[{"href":"http:\/\/www.smalandsakademi.se\/index.php?rest_route=\/wp\/v2\/pages\/8","targetHints":{"allow":["GET"]}}],"collection":[{"href":"http:\/\/www.smalandsakademi.se\/index.php?rest_route=\/wp\/v2\/pages"}],"about":[{"href":"http:\/\/www.smalandsakademi.se\/index.php?rest_route=\/wp\/v2\/types\/page"}],"author":[{"embeddable":true,"href":"http:\/\/www.smalandsakademi.se\/index.php?rest_route=\/wp\/v2\/users\/1"}],"replies":[{"embeddable":true,"href":"http:\/\/www.smalandsakademi.se\/index.php?rest_route=%2Fwp%2Fv2%2Fcomments&post=8"}],"version-history":[{"count":19,"href":"http:\/\/www.smalandsakademi.se\/index.php?rest_route=\/wp\/v2\/pages\/8\/revisions"}],"predecessor-version":[{"id":1949,"href":"http:\/\/www.smalandsakademi.se\/index.php?rest_route=\/wp\/v2\/pages\/8\/revisions\/1949"}],"wp:featuredmedia":[{"embeddable":true,"href":"http:\/\/www.smalandsakademi.se\/index.php?rest_route=\/wp\/v2\/media\/161"}],"wp:attachment":[{"href":"http:\/\/www.smalandsakademi.se\/index.php?rest_route=%2Fwp%2Fv2%2Fmedia&parent=8"}],"curies":[{"name":"wp","href":"https:\/\/api.w.org\/{rel}","templated":true}]}}