{"id":1002,"date":"2017-02-21T18:30:21","date_gmt":"2017-02-21T18:30:21","guid":{"rendered":"http:\/\/www.smalandsakademi.se\/?page_id=1002"},"modified":"2023-11-12T08:53:27","modified_gmt":"2023-11-12T08:53:27","slug":"historiepriset-till-gunnar-olof-hylten-cavallius-minne","status":"publish","type":"page","link":"https:\/\/www.smalandsakademi.se\/?page_id=1002","title":{"rendered":"Hylt\u00e9n-Cavalliuspriset"},"content":{"rendered":"<p style=\"text-align: center;\">Historiepriset till Gunnar Olof Hylt\u00e9n-Cavallius minne \u2013<\/p>\n<p style=\"text-align: center;\">f\u00f6r nyskapande och lovande insatser f\u00f6r historisk forskning och historiskt ber\u00e4ttande om Sm\u00e5land.<\/p>\n<p style=\"text-align: center;\"><a href=\"http:\/\/www.smalandsakademi.se\/wp-content\/uploads\/2017\/02\/IMG_0299.jpg\"><img loading=\"lazy\" decoding=\"async\" class=\"alignleft size-medium wp-image-1013\" src=\"http:\/\/www.smalandsakademi.se\/wp-content\/uploads\/2017\/02\/IMG_0299-272x300.jpg\" alt=\"IMG_0299\" width=\"272\" height=\"300\" srcset=\"https:\/\/www.smalandsakademi.se\/wp-content\/uploads\/2017\/02\/IMG_0299-272x300.jpg 272w, https:\/\/www.smalandsakademi.se\/wp-content\/uploads\/2017\/02\/IMG_0299.jpg 494w\" sizes=\"auto, (max-width: 272px) 100vw, 272px\" \/><\/a><\/p>\n<p>Prissumman \u00e4r 30 000 kr (2020 25 000 kr). Medutdelare \u00e4r August \u00c5hslunds stiftelse och Stiftelsen Sm\u00e5lands museum. Priset delas ut vart tredje \u00e5r, n\u00e4r \u00e5rsh\u00f6gtiden \u00e4r i V\u00e4xj\u00f6.<\/p>\n<p>Avsikten med priset \u00e4r att i Hylt\u00e9n-Cavallius anda uppmuntra en forskare, inom eller utanf\u00f6r h\u00f6gskolev\u00e4rlden, som redan visat prov p\u00e5 f\u00f6rm\u00e5ga att anv\u00e4nda sig av den historiska traditionen f\u00f6r nyskapande historieber\u00e4ttande.<\/p>\n<p>Gunnar Olof Hylt\u00e9n-Cavallius f\u00f6ddes 1818 som pr\u00e4stson i Vislanda. Han engagerades efter studier i Uppsala som bibliotekarie och teaterdirekt\u00f6r i Stockholm. Engagemanget f\u00f6r den sm\u00e5l\u00e4ndska hembygden ledde genom samarbete med Georg Stephens till insamling och utgivning av <em>Svenska folk-sagor och \u00e4fventyr <\/em>(1844-49) och det banbrytande arbetet <em>W\u00e4rend och wirdarne <\/em>(1863-1868). Genom sin nyskapande uppm\u00e4rksamhet p\u00e5 det folkliga kulturarvet har han kallats den svenska etnologins fader. Hans samlingar och verksamhet l\u00e5g bakom bildandet av det f\u00f6rsta regionala museet, Sm\u00e5lands museum, 1867. Han avled p\u00e5 Sunnanvik, Skatel\u00f6vs socken 1889 och \u00e4r gravlagd under en m\u00e4ktig runsten p\u00e5 gamla kyrkplatsen.<\/p>\n<p><strong>2023 <\/strong><strong>Marie L\u00e4nne Persson<br \/>\n<\/strong>F\u00f6r en betydelsefull g\u00e4rning som fr\u00e4mjare, uttolkare och f\u00f6rmedlare av den svenska folkvisan och balladen.<\/p>\n<p><strong>2020 Peter Danielsson<br \/>\n<\/strong>F\u00f6r att under sin l\u00e5nga historisk g\u00e4rning verkat i samma anda som Gunnar Olof Hylt\u00e9n-Cavallius, ofta med lokalsamh\u00e4llet i fokus. Med bredd och djup och alltid med en gnutta humor har Peter Danielsson bildat och roat en stor publik, s\u00e5 v\u00e4l skolelever som vuxna. Genom historiska tidsresor har han, kl\u00e4dd i tidstypiska kl\u00e4der, med sin ber\u00e4ttarkonst och historiska inlevelse lyft fram intressanta tidsepoker och m\u00e4nnisko\u00f6den och gett v\u00e5r gemensamma historia betydelse och mening.<br \/>\n<em>T<a href=\"http:\/\/www.smalandsakademi.se\/?attachment_id=1512\" rel=\"attachment wp-att-1512\">al till Peter Danielsson<\/a><\/em><\/p>\n<p><strong>2017\u00a0H\u00e5kan Nordmark<br \/>\n<\/strong>Som antikvarie och historiker vid Sm\u00e5lands museum verkar han framg\u00e5ngsrikt i Gunnar Olof Hylt\u00e9n-Cavallius anda d\u00e4r djup historisk kunskap om Sm\u00e5land f\u00f6renas med ett historiskt ber\u00e4ttande som engagerar en bred publik. Han har b\u00e5de genomf\u00f6rt banbrytande forskning om denna traditions betydelse och realiserat dess potential h\u00f6gst konkret.<br \/>\n<em><a href=\"http:\/\/www.smalandsakademi.se\/wp-content\/uploads\/2018\/01\/Tal-till-Nordmark-GOHC.docx\">Tal till H\u00e5kan Nordmark<\/a><\/em><\/p>\n","protected":false},"excerpt":{"rendered":"<p>Historiepriset till Gunnar Olof Hylt\u00e9n-Cavallius minne \u2013 f\u00f6r nyskapande och [&hellip;]<\/p>\n","protected":false},"author":1,"featured_media":0,"parent":8,"menu_order":0,"comment_status":"closed","ping_status":"closed","template":"","meta":{"footnotes":""},"class_list":["post-1002","page","type-page","status-publish","hentry"],"_links":{"self":[{"href":"https:\/\/www.smalandsakademi.se\/index.php?rest_route=\/wp\/v2\/pages\/1002","targetHints":{"allow":["GET"]}}],"collection":[{"href":"https:\/\/www.smalandsakademi.se\/index.php?rest_route=\/wp\/v2\/pages"}],"about":[{"href":"https:\/\/www.smalandsakademi.se\/index.php?rest_route=\/wp\/v2\/types\/page"}],"author":[{"embeddable":true,"href":"https:\/\/www.smalandsakademi.se\/index.php?rest_route=\/wp\/v2\/users\/1"}],"replies":[{"embeddable":true,"href":"https:\/\/www.smalandsakademi.se\/index.php?rest_route=%2Fwp%2Fv2%2Fcomments&post=1002"}],"version-history":[{"count":11,"href":"https:\/\/www.smalandsakademi.se\/index.php?rest_route=\/wp\/v2\/pages\/1002\/revisions"}],"predecessor-version":[{"id":1787,"href":"https:\/\/www.smalandsakademi.se\/index.php?rest_route=\/wp\/v2\/pages\/1002\/revisions\/1787"}],"up":[{"embeddable":true,"href":"https:\/\/www.smalandsakademi.se\/index.php?rest_route=\/wp\/v2\/pages\/8"}],"wp:attachment":[{"href":"https:\/\/www.smalandsakademi.se\/index.php?rest_route=%2Fwp%2Fv2%2Fmedia&parent=1002"}],"curies":[{"name":"wp","href":"https:\/\/api.w.org\/{rel}","templated":true}]}}