{"id":1130,"date":"2018-10-18T08:29:56","date_gmt":"2018-10-18T08:29:56","guid":{"rendered":"http:\/\/www.smalandsakademi.se\/?page_id=1130"},"modified":"2024-12-03T09:26:47","modified_gmt":"2024-12-03T09:26:47","slug":"jon-engstrom","status":"publish","type":"page","link":"https:\/\/www.smalandsakademi.se\/?page_id=1130","title":{"rendered":"Jon Engstr\u00f6mpriset"},"content":{"rendered":"<p class=\"s3\"><span class=\"s2\">Jon Engstr\u00f6m-<\/span><span class=\"s2\">priset<\/span><span class=\"s2\">,<\/span> <span class=\"s2\">till en <\/span><span class=\"s2\">frihetlig och modig <\/span><span class=\"s2\">r\u00f6st i samh\u00e4llsdebatten<\/span><\/p>\n<p class=\"s5\"><span class=\"s4\">SM\u00c5LANDS AKADEMIS OCH BAROMETERN\/STIFTELSEN BAROMETERNS<\/span>\u00a0<span class=\"s4\">KULTURPRIS TILL MINNE AV <\/span><span class=\"s4\">Jon Engstr\u00f6m<\/span><\/p>\n<p class=\"s5\"><span class=\"s6\">delas ut var tredje \u00e5r d\u00e5 Sm\u00e5lands akademis h\u00f6gtidssammankomst \u00e4ger rum i <\/span><span class=\"s6\">Kalmar<\/span><span class=\"s6\">. Det avser uppm\u00e4rksamma <\/span><span class=\"s6\">insatser som i Jon Engstr\u00f6ms anda visar p\u00e5 civilkurage, mod och entrepren\u00f6rskraft<\/span><span class=\"s6\">. Pristagarna skall ha verkat i <\/span><span class=\"s6\">eller ha anknytning till <\/span><span class=\"s6\">Sm\u00e5land<\/span><span class=\"s6\">.<\/span><\/p>\n<p class=\"s5\"><span class=\"s7\">Jon Engstr\u00f6m<\/span><span class=\"s8\">, f\u00f6dd i\u00a0<\/span><a href=\"https:\/\/sv.wikipedia.org\/wiki\/Fliseryds_socken\"><span class=\"s9\">Fliseryds socken<\/span><\/a><span class=\"s8\">\u00a0<\/span><a href=\"https:\/\/sv.wikipedia.org\/wiki\/1794\"><span class=\"s9\">1794<\/span><\/a><span class=\"s8\">, d\u00f6d i\u00a0<\/span><a href=\"https:\/\/sv.wikipedia.org\/wiki\/Ryssby_socken,_Kalmar_l%C3%A4n\"><span class=\"s9\">Ryssby socken<\/span><span class=\"s9\"> 1870<\/span><span class=\"s9\">, Kalmar l\u00e4n<\/span><\/a><span class=\"s9\">, Sm\u00e5land<\/span><span class=\"s8\">, var en svensk tidningsredakt\u00f6r, l\u00e4kare och f\u00f6rfattare<\/span><span class=\"s8\">. Han engagerade sig egensinnigt, framg\u00e5ngsr<\/span><span class=\"s8\">ikt och modigt f\u00f6r medborgerliga<\/span><span class=\"s8\"> r\u00e4ttigheter och f\u00f6retagande i ett f\u00f6rdemokratiskt Sverige. <\/span><span class=\"s8\">I<\/span><span class=\"s8\">nternationella utblickar<\/span><span class=\"s8\"> och <\/span><span class=\"s8\">f\u00f6retagande k<\/span><span class=\"s8\">ombinerades med ett stort engage<\/span><span class=\"s8\">mang f\u00f6r den fria pressen d\u00e5 han grundade Barometern <\/span><span class=\"s8\">\u00e5r 1841 <\/span><span class=\"s8\">f\u00f6r att spegla och p\u00e5verka situationen<\/span><span class=\"s8\"> i samtiden.<\/span><\/p>\n<p><strong>2024 J\u00f6rg Carlsson<\/strong><\/p>\n<p>F\u00f6r hans frihetliga och modiga r\u00f6st i samh\u00e4llsdebatten, d\u00e4r m\u00e4nniskan och l\u00e4karen J\u00f6rg p\u00e5 ett humoristiskt s\u00e4tt ifr\u00e5gas\u00e4tter \u00f6verhet och floskler samt lyfter fram det sunda f\u00f6rnuftet och det djupt m\u00e4nskliga.<br \/>\n<em><a href=\"http:\/\/www.smalandsakademi.se\/wp-content\/uploads\/2024\/12\/Tal-till-Jorg-Carlsson-2024.docx\">Tal till Jo\u0308rg Carlsson<\/a><\/em><\/p>\n<p><strong>2021 Jan Dzedins<br \/>\n<\/strong>Som okuvlig kulturentrepren\u00f6r har Jan Dzedins verkat i alla de tre sm\u00e5landsl\u00e4nen. J\u00f6nk\u00f6pingsbaserade Teateri \u2013 landskapets enda fria, professionella barn- och ungdomsteater \u2013 och Cirkus i glasriket \u00e4r tv\u00e5 av m\u00e5nga exempel p\u00e5 verksamheter som engagerat denne m\u00e5ngsidige och samh\u00e4llsengagerade teaterman. <a href=\"http:\/\/www.smalandsakademi.se\/wp-content\/uploads\/2021\/11\/Tal-Dzedins-2021.docx\"><em>Tal till Jan Dzedins<\/em><\/a>.<br \/>\n<em><a href=\"http:\/\/www.smalandsakademi.se\/?attachment_id=1576\" rel=\"attachment wp-att-1576\">Jan Dzedins tal vid Sm\u00e5lands Akademi h\u00f6gtidsstund Kalmar den 13 november 2021<\/a><br \/>\n<\/em><\/p>\n<p><strong>2018 Ulrika Knutson<\/strong><\/p>\n<p>Pristagaren utm\u00e4rker sig i Jon Engstr\u00f6ms anda som en frispr\u00e5kig och engagerad r\u00f6st i den svenska kultur- och samh\u00e4llsdebatten. Knutson \u00e4r en viktig och sj\u00e4lvst\u00e4ndig kommentator som i genomt\u00e4nkta och elegant formulerade artiklar och kr\u00f6nikor f\u00f6rm\u00e5r ge kunskapsrika och annorlunda perspektiv p\u00e5 aktuella fr\u00e5gor och samtals\u00e4mnen.\u00a0<em><a href=\"http:\/\/www.smalandsakademi.se\/wp-content\/uploads\/2020\/06\/Tal-till-Ulrika-Knutsson.docx\">Tal till Ulrika Knutsson<\/a><\/em><\/p>\n","protected":false},"excerpt":{"rendered":"<p>Jon Engstr\u00f6m-priset, till en frihetlig och modig r\u00f6st i samh\u00e4llsdebatten [&hellip;]<\/p>\n","protected":false},"author":1,"featured_media":0,"parent":8,"menu_order":0,"comment_status":"closed","ping_status":"closed","template":"","meta":{"footnotes":""},"class_list":["post-1130","page","type-page","status-publish","hentry"],"_links":{"self":[{"href":"https:\/\/www.smalandsakademi.se\/index.php?rest_route=\/wp\/v2\/pages\/1130","targetHints":{"allow":["GET"]}}],"collection":[{"href":"https:\/\/www.smalandsakademi.se\/index.php?rest_route=\/wp\/v2\/pages"}],"about":[{"href":"https:\/\/www.smalandsakademi.se\/index.php?rest_route=\/wp\/v2\/types\/page"}],"author":[{"embeddable":true,"href":"https:\/\/www.smalandsakademi.se\/index.php?rest_route=\/wp\/v2\/users\/1"}],"replies":[{"embeddable":true,"href":"https:\/\/www.smalandsakademi.se\/index.php?rest_route=%2Fwp%2Fv2%2Fcomments&post=1130"}],"version-history":[{"count":12,"href":"https:\/\/www.smalandsakademi.se\/index.php?rest_route=\/wp\/v2\/pages\/1130\/revisions"}],"predecessor-version":[{"id":1966,"href":"https:\/\/www.smalandsakademi.se\/index.php?rest_route=\/wp\/v2\/pages\/1130\/revisions\/1966"}],"up":[{"embeddable":true,"href":"https:\/\/www.smalandsakademi.se\/index.php?rest_route=\/wp\/v2\/pages\/8"}],"wp:attachment":[{"href":"https:\/\/www.smalandsakademi.se\/index.php?rest_route=%2Fwp%2Fv2%2Fmedia&parent=1130"}],"curies":[{"name":"wp","href":"https:\/\/api.w.org\/{rel}","templated":true}]}}