{"id":1815,"date":"2023-11-21T09:34:46","date_gmt":"2023-11-21T09:34:46","guid":{"rendered":"http:\/\/www.smalandsakademi.se\/?page_id=1815"},"modified":"2024-03-18T15:36:23","modified_gmt":"2024-03-18T15:36:23","slug":"smalands-akademi-30-ar","status":"publish","type":"page","link":"https:\/\/www.smalandsakademi.se\/?page_id=1815","title":{"rendered":"Sm\u00e5lands akademi 30 \u00e5r"},"content":{"rendered":"\n<p>Sm\u00e5lands akademi fyllde \u00e5r 2023 30 \u00e5r. <\/p>\n\n\n\n<p>En historik \u00f6ver \u00e5ren har sammanst\u00e4llts och kan \u00e5terfinnas h\u00e4r: <\/p>\n\n\n\n<div data-wp-interactive=\"core\/file\" class=\"wp-block-file\"><object data-wp-bind--hidden=\"!state.hasPdfPreview\" hidden class=\"wp-block-file__embed\" data=\"http:\/\/www.smalandsakademi.se\/wp-content\/uploads\/2023\/11\/smakhistorik_18.pdf\" type=\"application\/pdf\" style=\"width:100%;height:600px\" aria-label=\"Inb\u00e4ddning av Historik 1993-2023.\"><\/object><a id=\"wp-block-file--media-990b79b2-6d1a-4ea4-ac5e-006ef4117483\" href=\"http:\/\/www.smalandsakademi.se\/wp-content\/uploads\/2023\/11\/smakhistorik_18.pdf\">Historik 1993-2023<\/a><a href=\"http:\/\/www.smalandsakademi.se\/wp-content\/uploads\/2023\/11\/smakhistorik_18.pdf\" class=\"wp-block-file__button wp-element-button\" download aria-describedby=\"wp-block-file--media-990b79b2-6d1a-4ea4-ac5e-006ef4117483\">Ladda ner<\/a><\/div>\n\n\n\n<p>F\u00f6rfattaren Stefan Edman, som varit ledamot i Akademin sedan starten 1993, h\u00f6ll ett h\u00f6gtidstal p\u00e5 vers under jubileumsfesten p\u00e5 biskopss\u00e4tet \u00d6strabo den\u00a011 november 2023. Det kan man med f\u00f6rdel ta del av h\u00e4r:<\/p>\n\n\n\n<div class=\"wp-block-file\"><a id=\"wp-block-file--media-ee9b0540-e901-4552-a4ad-8df89a4edb42\" href=\"http:\/\/www.smalandsakademi.se\/wp-content\/uploads\/2024\/01\/Tal-pa-Ostrabo.docx\">Tal pa\u030a O\u0308strabo<\/a><a href=\"http:\/\/www.smalandsakademi.se\/wp-content\/uploads\/2024\/01\/Tal-pa-Ostrabo.docx\" class=\"wp-block-file__button wp-element-button\" download aria-describedby=\"wp-block-file--media-ee9b0540-e901-4552-a4ad-8df89a4edb42\">Ladda ner<\/a><\/div>\n\n\n\n<p>Bildkavalkad fr\u00e5n h\u00f6gtidssammankonsten i V\u00e4xj\u00f6 den 11 november 2023. Utvandrarnas hus och domkyrkan.<\/p>\n\n\n\n<figure class=\"wp-block-gallery has-nested-images columns-default is-cropped wp-block-gallery-1 is-layout-flex wp-block-gallery-is-layout-flex\">\n<figure class=\"wp-block-image size-large\"><img loading=\"lazy\" decoding=\"async\" width=\"683\" height=\"1024\" data-id=\"1855\" src=\"https:\/\/www.smalandsakademi.se\/wp-content\/uploads\/2024\/01\/D2A0949_sm-683x1024.jpg\" alt=\"\" class=\"wp-image-1855\" srcset=\"https:\/\/www.smalandsakademi.se\/wp-content\/uploads\/2024\/01\/D2A0949_sm-683x1024.jpg 683w, https:\/\/www.smalandsakademi.se\/wp-content\/uploads\/2024\/01\/D2A0949_sm-200x300.jpg 200w, https:\/\/www.smalandsakademi.se\/wp-content\/uploads\/2024\/01\/D2A0949_sm-768x1151.jpg 768w, https:\/\/www.smalandsakademi.se\/wp-content\/uploads\/2024\/01\/D2A0949_sm-1025x1536.jpg 1025w, https:\/\/www.smalandsakademi.se\/wp-content\/uploads\/2024\/01\/D2A0949_sm.jpg 1281w\" sizes=\"auto, (max-width: 683px) 100vw, 683px\" \/><\/figure>\n\n\n\n<figure class=\"wp-block-image size-large\"><img loading=\"lazy\" decoding=\"async\" width=\"1024\" height=\"683\" data-id=\"1854\" src=\"https:\/\/www.smalandsakademi.se\/wp-content\/uploads\/2024\/01\/D2A0942_sm-1024x683.jpg\" alt=\"\" class=\"wp-image-1854\" srcset=\"https:\/\/www.smalandsakademi.se\/wp-content\/uploads\/2024\/01\/D2A0942_sm-1024x683.jpg 1024w, https:\/\/www.smalandsakademi.se\/wp-content\/uploads\/2024\/01\/D2A0942_sm-300x200.jpg 300w, https:\/\/www.smalandsakademi.se\/wp-content\/uploads\/2024\/01\/D2A0942_sm-768x512.jpg 768w, https:\/\/www.smalandsakademi.se\/wp-content\/uploads\/2024\/01\/D2A0942_sm-1536x1025.jpg 1536w, https:\/\/www.smalandsakademi.se\/wp-content\/uploads\/2024\/01\/D2A0942_sm.jpg 1920w\" sizes=\"auto, (max-width: 1024px) 100vw, 1024px\" \/><figcaption class=\"wp-element-caption\">Sm\u00e5lands akademi i V\u00e4xj\u00f6 20231111<\/figcaption><\/figure>\n\n\n\n<figure class=\"wp-block-image size-large\"><img loading=\"lazy\" decoding=\"async\" width=\"683\" height=\"1024\" data-id=\"1853\" src=\"https:\/\/www.smalandsakademi.se\/wp-content\/uploads\/2024\/01\/D2A0926_sm-683x1024.jpg\" alt=\"\" class=\"wp-image-1853\" srcset=\"https:\/\/www.smalandsakademi.se\/wp-content\/uploads\/2024\/01\/D2A0926_sm-683x1024.jpg 683w, https:\/\/www.smalandsakademi.se\/wp-content\/uploads\/2024\/01\/D2A0926_sm-200x300.jpg 200w, https:\/\/www.smalandsakademi.se\/wp-content\/uploads\/2024\/01\/D2A0926_sm-768x1151.jpg 768w, https:\/\/www.smalandsakademi.se\/wp-content\/uploads\/2024\/01\/D2A0926_sm-1025x1536.jpg 1025w, https:\/\/www.smalandsakademi.se\/wp-content\/uploads\/2024\/01\/D2A0926_sm.jpg 1281w\" sizes=\"auto, (max-width: 683px) 100vw, 683px\" \/><figcaption class=\"wp-element-caption\">Sm\u00e5lands akademi i V\u00e4xj\u00f6 20231111<\/figcaption><\/figure>\n\n\n\n<figure class=\"wp-block-image size-large\"><img loading=\"lazy\" decoding=\"async\" width=\"1024\" height=\"683\" data-id=\"1852\" src=\"https:\/\/www.smalandsakademi.se\/wp-content\/uploads\/2024\/01\/D2A0916_sm-1024x683.jpg\" alt=\"\" class=\"wp-image-1852\" srcset=\"https:\/\/www.smalandsakademi.se\/wp-content\/uploads\/2024\/01\/D2A0916_sm-1024x683.jpg 1024w, https:\/\/www.smalandsakademi.se\/wp-content\/uploads\/2024\/01\/D2A0916_sm-300x200.jpg 300w, https:\/\/www.smalandsakademi.se\/wp-content\/uploads\/2024\/01\/D2A0916_sm-768x512.jpg 768w, https:\/\/www.smalandsakademi.se\/wp-content\/uploads\/2024\/01\/D2A0916_sm-1536x1025.jpg 1536w, https:\/\/www.smalandsakademi.se\/wp-content\/uploads\/2024\/01\/D2A0916_sm.jpg 1920w\" sizes=\"auto, (max-width: 1024px) 100vw, 1024px\" \/><figcaption class=\"wp-element-caption\">Sm\u00e5lands akademi i V\u00e4xj\u00f6 20231111<\/figcaption><\/figure>\n\n\n\n<figure class=\"wp-block-image size-large\"><img loading=\"lazy\" decoding=\"async\" width=\"1024\" height=\"683\" data-id=\"1851\" src=\"https:\/\/www.smalandsakademi.se\/wp-content\/uploads\/2024\/01\/D2A0906_sm-1024x683.jpg\" alt=\"\" class=\"wp-image-1851\" srcset=\"https:\/\/www.smalandsakademi.se\/wp-content\/uploads\/2024\/01\/D2A0906_sm-1024x683.jpg 1024w, https:\/\/www.smalandsakademi.se\/wp-content\/uploads\/2024\/01\/D2A0906_sm-300x200.jpg 300w, https:\/\/www.smalandsakademi.se\/wp-content\/uploads\/2024\/01\/D2A0906_sm-768x512.jpg 768w, https:\/\/www.smalandsakademi.se\/wp-content\/uploads\/2024\/01\/D2A0906_sm-1536x1025.jpg 1536w, https:\/\/www.smalandsakademi.se\/wp-content\/uploads\/2024\/01\/D2A0906_sm.jpg 1920w\" sizes=\"auto, (max-width: 1024px) 100vw, 1024px\" \/><figcaption class=\"wp-element-caption\">Sm\u00e5lands akademi i V\u00e4xj\u00f6 20231111<\/figcaption><\/figure>\n\n\n\n<figure class=\"wp-block-image size-large\"><img loading=\"lazy\" decoding=\"async\" width=\"683\" height=\"1024\" data-id=\"1850\" src=\"https:\/\/www.smalandsakademi.se\/wp-content\/uploads\/2024\/01\/D2A0873_sm-683x1024.jpg\" alt=\"\" class=\"wp-image-1850\" srcset=\"https:\/\/www.smalandsakademi.se\/wp-content\/uploads\/2024\/01\/D2A0873_sm-683x1024.jpg 683w, https:\/\/www.smalandsakademi.se\/wp-content\/uploads\/2024\/01\/D2A0873_sm-200x300.jpg 200w, https:\/\/www.smalandsakademi.se\/wp-content\/uploads\/2024\/01\/D2A0873_sm-768x1151.jpg 768w, https:\/\/www.smalandsakademi.se\/wp-content\/uploads\/2024\/01\/D2A0873_sm-1025x1536.jpg 1025w, https:\/\/www.smalandsakademi.se\/wp-content\/uploads\/2024\/01\/D2A0873_sm.jpg 1281w\" sizes=\"auto, (max-width: 683px) 100vw, 683px\" \/><figcaption class=\"wp-element-caption\">Sm\u00e5lands akademi i V\u00e4xj\u00f6 20231111<\/figcaption><\/figure>\n\n\n\n<figure class=\"wp-block-image size-large\"><img loading=\"lazy\" decoding=\"async\" width=\"1024\" height=\"683\" data-id=\"1847\" src=\"https:\/\/www.smalandsakademi.se\/wp-content\/uploads\/2024\/01\/D2A0855_sm-1024x683.jpg\" alt=\"\" class=\"wp-image-1847\" srcset=\"https:\/\/www.smalandsakademi.se\/wp-content\/uploads\/2024\/01\/D2A0855_sm-1024x683.jpg 1024w, https:\/\/www.smalandsakademi.se\/wp-content\/uploads\/2024\/01\/D2A0855_sm-300x200.jpg 300w, https:\/\/www.smalandsakademi.se\/wp-content\/uploads\/2024\/01\/D2A0855_sm-768x512.jpg 768w, https:\/\/www.smalandsakademi.se\/wp-content\/uploads\/2024\/01\/D2A0855_sm-1536x1025.jpg 1536w, https:\/\/www.smalandsakademi.se\/wp-content\/uploads\/2024\/01\/D2A0855_sm.jpg 1920w\" sizes=\"auto, (max-width: 1024px) 100vw, 1024px\" \/><figcaption class=\"wp-element-caption\">Sm\u00e5lands akademi i V\u00e4xj\u00f6 20231111<\/figcaption><\/figure>\n\n\n\n<figure class=\"wp-block-image size-large\"><img loading=\"lazy\" decoding=\"async\" width=\"683\" height=\"1024\" data-id=\"1848\" src=\"https:\/\/www.smalandsakademi.se\/wp-content\/uploads\/2024\/01\/D2A0860_sm-683x1024.jpg\" alt=\"\" class=\"wp-image-1848\" srcset=\"https:\/\/www.smalandsakademi.se\/wp-content\/uploads\/2024\/01\/D2A0860_sm-683x1024.jpg 683w, https:\/\/www.smalandsakademi.se\/wp-content\/uploads\/2024\/01\/D2A0860_sm-200x300.jpg 200w, https:\/\/www.smalandsakademi.se\/wp-content\/uploads\/2024\/01\/D2A0860_sm-768x1151.jpg 768w, https:\/\/www.smalandsakademi.se\/wp-content\/uploads\/2024\/01\/D2A0860_sm-1025x1536.jpg 1025w, https:\/\/www.smalandsakademi.se\/wp-content\/uploads\/2024\/01\/D2A0860_sm.jpg 1281w\" sizes=\"auto, (max-width: 683px) 100vw, 683px\" \/><figcaption class=\"wp-element-caption\">Sm\u00e5lands akademi i V\u00e4xj\u00f6 20231111<\/figcaption><\/figure>\n\n\n\n<figure class=\"wp-block-image size-large\"><img loading=\"lazy\" decoding=\"async\" width=\"1024\" height=\"683\" data-id=\"1849\" src=\"https:\/\/www.smalandsakademi.se\/wp-content\/uploads\/2024\/01\/D2A0870_sm-1024x683.jpg\" alt=\"\" class=\"wp-image-1849\" srcset=\"https:\/\/www.smalandsakademi.se\/wp-content\/uploads\/2024\/01\/D2A0870_sm-1024x683.jpg 1024w, https:\/\/www.smalandsakademi.se\/wp-content\/uploads\/2024\/01\/D2A0870_sm-300x200.jpg 300w, https:\/\/www.smalandsakademi.se\/wp-content\/uploads\/2024\/01\/D2A0870_sm-768x512.jpg 768w, https:\/\/www.smalandsakademi.se\/wp-content\/uploads\/2024\/01\/D2A0870_sm-1536x1025.jpg 1536w, https:\/\/www.smalandsakademi.se\/wp-content\/uploads\/2024\/01\/D2A0870_sm.jpg 1920w\" sizes=\"auto, (max-width: 1024px) 100vw, 1024px\" \/><figcaption class=\"wp-element-caption\">Sm\u00e5lands akademi i V\u00e4xj\u00f6 20231111<\/figcaption><\/figure>\n\n\n\n<figure class=\"wp-block-image size-large\"><img loading=\"lazy\" decoding=\"async\" width=\"1024\" height=\"683\" data-id=\"1846\" src=\"https:\/\/www.smalandsakademi.se\/wp-content\/uploads\/2024\/01\/D2A0831_sm-1024x683.jpg\" alt=\"\" class=\"wp-image-1846\" srcset=\"https:\/\/www.smalandsakademi.se\/wp-content\/uploads\/2024\/01\/D2A0831_sm-1024x683.jpg 1024w, https:\/\/www.smalandsakademi.se\/wp-content\/uploads\/2024\/01\/D2A0831_sm-300x200.jpg 300w, https:\/\/www.smalandsakademi.se\/wp-content\/uploads\/2024\/01\/D2A0831_sm-768x512.jpg 768w, https:\/\/www.smalandsakademi.se\/wp-content\/uploads\/2024\/01\/D2A0831_sm-1536x1025.jpg 1536w, https:\/\/www.smalandsakademi.se\/wp-content\/uploads\/2024\/01\/D2A0831_sm.jpg 1920w\" sizes=\"auto, (max-width: 1024px) 100vw, 1024px\" \/><figcaption class=\"wp-element-caption\">Sm\u00e5lands akademi i V\u00e4xj\u00f6 20231111<\/figcaption><\/figure>\n\n\n\n<figure class=\"wp-block-image size-large\"><img loading=\"lazy\" decoding=\"async\" width=\"1024\" height=\"683\" data-id=\"1845\" src=\"https:\/\/www.smalandsakademi.se\/wp-content\/uploads\/2024\/01\/D2A0815_sm-1024x683.jpg\" alt=\"\" class=\"wp-image-1845\" srcset=\"https:\/\/www.smalandsakademi.se\/wp-content\/uploads\/2024\/01\/D2A0815_sm-1024x683.jpg 1024w, https:\/\/www.smalandsakademi.se\/wp-content\/uploads\/2024\/01\/D2A0815_sm-300x200.jpg 300w, https:\/\/www.smalandsakademi.se\/wp-content\/uploads\/2024\/01\/D2A0815_sm-768x512.jpg 768w, https:\/\/www.smalandsakademi.se\/wp-content\/uploads\/2024\/01\/D2A0815_sm-1536x1025.jpg 1536w, https:\/\/www.smalandsakademi.se\/wp-content\/uploads\/2024\/01\/D2A0815_sm.jpg 1920w\" sizes=\"auto, (max-width: 1024px) 100vw, 1024px\" \/><figcaption class=\"wp-element-caption\">Sm\u00e5lands akademi i V\u00e4xj\u00f6 20231111<\/figcaption><\/figure>\n\n\n\n<figure class=\"wp-block-image size-large\"><img loading=\"lazy\" decoding=\"async\" width=\"1024\" height=\"683\" data-id=\"1844\" src=\"https:\/\/www.smalandsakademi.se\/wp-content\/uploads\/2024\/01\/D2A0739_sm-1024x683.jpg\" alt=\"\" class=\"wp-image-1844\" srcset=\"https:\/\/www.smalandsakademi.se\/wp-content\/uploads\/2024\/01\/D2A0739_sm-1024x683.jpg 1024w, https:\/\/www.smalandsakademi.se\/wp-content\/uploads\/2024\/01\/D2A0739_sm-300x200.jpg 300w, https:\/\/www.smalandsakademi.se\/wp-content\/uploads\/2024\/01\/D2A0739_sm-768x512.jpg 768w, https:\/\/www.smalandsakademi.se\/wp-content\/uploads\/2024\/01\/D2A0739_sm-1536x1025.jpg 1536w, https:\/\/www.smalandsakademi.se\/wp-content\/uploads\/2024\/01\/D2A0739_sm.jpg 1920w\" sizes=\"auto, (max-width: 1024px) 100vw, 1024px\" \/><figcaption class=\"wp-element-caption\">Sm\u00e5lands akademi i V\u00e4xj\u00f6 20231111<\/figcaption><\/figure>\n\n\n\n<figure class=\"wp-block-image size-large\"><img loading=\"lazy\" decoding=\"async\" width=\"1024\" height=\"683\" data-id=\"1841\" src=\"https:\/\/www.smalandsakademi.se\/wp-content\/uploads\/2024\/01\/D2A0551_sm-1024x683.jpg\" alt=\"\" class=\"wp-image-1841\" srcset=\"https:\/\/www.smalandsakademi.se\/wp-content\/uploads\/2024\/01\/D2A0551_sm-1024x683.jpg 1024w, https:\/\/www.smalandsakademi.se\/wp-content\/uploads\/2024\/01\/D2A0551_sm-300x200.jpg 300w, https:\/\/www.smalandsakademi.se\/wp-content\/uploads\/2024\/01\/D2A0551_sm-768x512.jpg 768w, https:\/\/www.smalandsakademi.se\/wp-content\/uploads\/2024\/01\/D2A0551_sm-1536x1025.jpg 1536w, https:\/\/www.smalandsakademi.se\/wp-content\/uploads\/2024\/01\/D2A0551_sm.jpg 1920w\" sizes=\"auto, (max-width: 1024px) 100vw, 1024px\" \/><figcaption class=\"wp-element-caption\">Sm\u00e5lands akademi i V\u00e4xj\u00f6 20231111<\/figcaption><\/figure>\n\n\n\n<figure class=\"wp-block-image size-large\"><img loading=\"lazy\" decoding=\"async\" width=\"1024\" height=\"683\" data-id=\"1842\" src=\"https:\/\/www.smalandsakademi.se\/wp-content\/uploads\/2024\/01\/D2A0568_sm-1024x683.jpg\" alt=\"\" class=\"wp-image-1842\" srcset=\"https:\/\/www.smalandsakademi.se\/wp-content\/uploads\/2024\/01\/D2A0568_sm-1024x683.jpg 1024w, https:\/\/www.smalandsakademi.se\/wp-content\/uploads\/2024\/01\/D2A0568_sm-300x200.jpg 300w, https:\/\/www.smalandsakademi.se\/wp-content\/uploads\/2024\/01\/D2A0568_sm-768x512.jpg 768w, https:\/\/www.smalandsakademi.se\/wp-content\/uploads\/2024\/01\/D2A0568_sm-1536x1025.jpg 1536w, https:\/\/www.smalandsakademi.se\/wp-content\/uploads\/2024\/01\/D2A0568_sm.jpg 1920w\" sizes=\"auto, (max-width: 1024px) 100vw, 1024px\" \/><figcaption class=\"wp-element-caption\">Sm\u00e5lands akademi i V\u00e4xj\u00f6 20231111<\/figcaption><\/figure>\n\n\n\n<figure class=\"wp-block-image size-large\"><img loading=\"lazy\" decoding=\"async\" width=\"1024\" height=\"683\" data-id=\"1843\" src=\"https:\/\/www.smalandsakademi.se\/wp-content\/uploads\/2024\/01\/D2A0677_sm-1024x683.jpg\" alt=\"\" class=\"wp-image-1843\" srcset=\"https:\/\/www.smalandsakademi.se\/wp-content\/uploads\/2024\/01\/D2A0677_sm-1024x683.jpg 1024w, https:\/\/www.smalandsakademi.se\/wp-content\/uploads\/2024\/01\/D2A0677_sm-300x200.jpg 300w, https:\/\/www.smalandsakademi.se\/wp-content\/uploads\/2024\/01\/D2A0677_sm-768x512.jpg 768w, https:\/\/www.smalandsakademi.se\/wp-content\/uploads\/2024\/01\/D2A0677_sm-1536x1025.jpg 1536w, https:\/\/www.smalandsakademi.se\/wp-content\/uploads\/2024\/01\/D2A0677_sm.jpg 1920w\" sizes=\"auto, (max-width: 1024px) 100vw, 1024px\" \/><figcaption class=\"wp-element-caption\">Sm\u00e5lands akademi i V\u00e4xj\u00f6 20231111<\/figcaption><\/figure>\n\n\n\n<figure class=\"wp-block-image size-large\"><img loading=\"lazy\" decoding=\"async\" width=\"1024\" height=\"683\" data-id=\"1840\" src=\"https:\/\/www.smalandsakademi.se\/wp-content\/uploads\/2024\/01\/D2A0517_sm-1024x683.jpg\" alt=\"\" class=\"wp-image-1840\" srcset=\"https:\/\/www.smalandsakademi.se\/wp-content\/uploads\/2024\/01\/D2A0517_sm-1024x683.jpg 1024w, https:\/\/www.smalandsakademi.se\/wp-content\/uploads\/2024\/01\/D2A0517_sm-300x200.jpg 300w, https:\/\/www.smalandsakademi.se\/wp-content\/uploads\/2024\/01\/D2A0517_sm-768x512.jpg 768w, https:\/\/www.smalandsakademi.se\/wp-content\/uploads\/2024\/01\/D2A0517_sm-1536x1025.jpg 1536w, https:\/\/www.smalandsakademi.se\/wp-content\/uploads\/2024\/01\/D2A0517_sm.jpg 1920w\" sizes=\"auto, (max-width: 1024px) 100vw, 1024px\" \/><figcaption class=\"wp-element-caption\">Sm\u00e5lands akademi i V\u00e4xj\u00f6 20231111<\/figcaption><\/figure>\n\n\n\n<figure class=\"wp-block-image size-large\"><img loading=\"lazy\" decoding=\"async\" width=\"1024\" height=\"683\" data-id=\"1839\" src=\"https:\/\/www.smalandsakademi.se\/wp-content\/uploads\/2024\/01\/D2A0515_sm-1024x683.jpg\" alt=\"\" class=\"wp-image-1839\" srcset=\"https:\/\/www.smalandsakademi.se\/wp-content\/uploads\/2024\/01\/D2A0515_sm-1024x683.jpg 1024w, https:\/\/www.smalandsakademi.se\/wp-content\/uploads\/2024\/01\/D2A0515_sm-300x200.jpg 300w, https:\/\/www.smalandsakademi.se\/wp-content\/uploads\/2024\/01\/D2A0515_sm-768x512.jpg 768w, https:\/\/www.smalandsakademi.se\/wp-content\/uploads\/2024\/01\/D2A0515_sm-1536x1025.jpg 1536w, https:\/\/www.smalandsakademi.se\/wp-content\/uploads\/2024\/01\/D2A0515_sm.jpg 1920w\" sizes=\"auto, (max-width: 1024px) 100vw, 1024px\" \/><figcaption class=\"wp-element-caption\">Sm\u00e5lands akademi i V\u00e4xj\u00f6 20231111<\/figcaption><\/figure>\n\n\n\n<figure class=\"wp-block-image size-large\"><img loading=\"lazy\" decoding=\"async\" width=\"1024\" height=\"683\" data-id=\"1838\" src=\"https:\/\/www.smalandsakademi.se\/wp-content\/uploads\/2024\/01\/E2A0114_sm-1024x683.jpg\" alt=\"\" class=\"wp-image-1838\" srcset=\"https:\/\/www.smalandsakademi.se\/wp-content\/uploads\/2024\/01\/E2A0114_sm-1024x683.jpg 1024w, https:\/\/www.smalandsakademi.se\/wp-content\/uploads\/2024\/01\/E2A0114_sm-300x200.jpg 300w, https:\/\/www.smalandsakademi.se\/wp-content\/uploads\/2024\/01\/E2A0114_sm-768x512.jpg 768w, https:\/\/www.smalandsakademi.se\/wp-content\/uploads\/2024\/01\/E2A0114_sm-1536x1024.jpg 1536w, https:\/\/www.smalandsakademi.se\/wp-content\/uploads\/2024\/01\/E2A0114_sm.jpg 1920w\" sizes=\"auto, (max-width: 1024px) 100vw, 1024px\" \/><figcaption class=\"wp-element-caption\">Sm\u00e5lands akademi i V\u00e4xj\u00f6 20231111<\/figcaption><\/figure>\n\n\n\n<figure class=\"wp-block-image size-large\"><img loading=\"lazy\" decoding=\"async\" width=\"683\" height=\"1024\" data-id=\"1835\" src=\"https:\/\/www.smalandsakademi.se\/wp-content\/uploads\/2024\/01\/D2A1018_sm-683x1024.jpg\" alt=\"\" class=\"wp-image-1835\" srcset=\"https:\/\/www.smalandsakademi.se\/wp-content\/uploads\/2024\/01\/D2A1018_sm-683x1024.jpg 683w, https:\/\/www.smalandsakademi.se\/wp-content\/uploads\/2024\/01\/D2A1018_sm-200x300.jpg 200w, https:\/\/www.smalandsakademi.se\/wp-content\/uploads\/2024\/01\/D2A1018_sm-768x1151.jpg 768w, https:\/\/www.smalandsakademi.se\/wp-content\/uploads\/2024\/01\/D2A1018_sm-1025x1536.jpg 1025w, https:\/\/www.smalandsakademi.se\/wp-content\/uploads\/2024\/01\/D2A1018_sm.jpg 1281w\" sizes=\"auto, (max-width: 683px) 100vw, 683px\" \/><figcaption class=\"wp-element-caption\">Sm\u00e5lands akademi i V\u00e4xj\u00f6 20231111<\/figcaption><\/figure>\n\n\n\n<figure class=\"wp-block-image size-large\"><img loading=\"lazy\" decoding=\"async\" width=\"1024\" height=\"683\" data-id=\"1836\" src=\"https:\/\/www.smalandsakademi.se\/wp-content\/uploads\/2024\/01\/D2A1037_sm-1024x683.jpg\" alt=\"\" class=\"wp-image-1836\" srcset=\"https:\/\/www.smalandsakademi.se\/wp-content\/uploads\/2024\/01\/D2A1037_sm-1024x683.jpg 1024w, https:\/\/www.smalandsakademi.se\/wp-content\/uploads\/2024\/01\/D2A1037_sm-300x200.jpg 300w, https:\/\/www.smalandsakademi.se\/wp-content\/uploads\/2024\/01\/D2A1037_sm-768x512.jpg 768w, https:\/\/www.smalandsakademi.se\/wp-content\/uploads\/2024\/01\/D2A1037_sm-1536x1025.jpg 1536w, https:\/\/www.smalandsakademi.se\/wp-content\/uploads\/2024\/01\/D2A1037_sm.jpg 1920w\" sizes=\"auto, (max-width: 1024px) 100vw, 1024px\" \/><figcaption class=\"wp-element-caption\">Sm\u00e5lands akademi i V\u00e4xj\u00f6 20231111<\/figcaption><\/figure>\n\n\n\n<figure class=\"wp-block-image size-large\"><img loading=\"lazy\" decoding=\"async\" width=\"683\" height=\"1024\" data-id=\"1837\" src=\"https:\/\/www.smalandsakademi.se\/wp-content\/uploads\/2024\/01\/D2A1083_sm-683x1024.jpg\" alt=\"\" class=\"wp-image-1837\" srcset=\"https:\/\/www.smalandsakademi.se\/wp-content\/uploads\/2024\/01\/D2A1083_sm-683x1024.jpg 683w, https:\/\/www.smalandsakademi.se\/wp-content\/uploads\/2024\/01\/D2A1083_sm-200x300.jpg 200w, https:\/\/www.smalandsakademi.se\/wp-content\/uploads\/2024\/01\/D2A1083_sm-768x1151.jpg 768w, https:\/\/www.smalandsakademi.se\/wp-content\/uploads\/2024\/01\/D2A1083_sm-1025x1536.jpg 1025w, https:\/\/www.smalandsakademi.se\/wp-content\/uploads\/2024\/01\/D2A1083_sm.jpg 1281w\" sizes=\"auto, (max-width: 683px) 100vw, 683px\" \/><figcaption class=\"wp-element-caption\">Sm\u00e5lands akademi i V\u00e4xj\u00f6 20231111<\/figcaption><\/figure>\n\n\n\n<figure class=\"wp-block-image size-large\"><img loading=\"lazy\" decoding=\"async\" width=\"1024\" height=\"683\" data-id=\"1834\" src=\"https:\/\/www.smalandsakademi.se\/wp-content\/uploads\/2024\/01\/D2A1011_sm-1024x683.jpg\" alt=\"\" class=\"wp-image-1834\" srcset=\"https:\/\/www.smalandsakademi.se\/wp-content\/uploads\/2024\/01\/D2A1011_sm-1024x683.jpg 1024w, https:\/\/www.smalandsakademi.se\/wp-content\/uploads\/2024\/01\/D2A1011_sm-300x200.jpg 300w, https:\/\/www.smalandsakademi.se\/wp-content\/uploads\/2024\/01\/D2A1011_sm-768x512.jpg 768w, https:\/\/www.smalandsakademi.se\/wp-content\/uploads\/2024\/01\/D2A1011_sm-1536x1025.jpg 1536w, https:\/\/www.smalandsakademi.se\/wp-content\/uploads\/2024\/01\/D2A1011_sm.jpg 1920w\" sizes=\"auto, (max-width: 1024px) 100vw, 1024px\" \/><figcaption class=\"wp-element-caption\">Sm\u00e5lands akademi i V\u00e4xj\u00f6 20231111<\/figcaption><\/figure>\n\n\n\n<figure class=\"wp-block-image size-large\"><img loading=\"lazy\" decoding=\"async\" width=\"683\" height=\"1024\" data-id=\"1833\" src=\"https:\/\/www.smalandsakademi.se\/wp-content\/uploads\/2024\/01\/D2A0991_sm-683x1024.jpg\" alt=\"\" class=\"wp-image-1833\" srcset=\"https:\/\/www.smalandsakademi.se\/wp-content\/uploads\/2024\/01\/D2A0991_sm-683x1024.jpg 683w, https:\/\/www.smalandsakademi.se\/wp-content\/uploads\/2024\/01\/D2A0991_sm-200x300.jpg 200w, https:\/\/www.smalandsakademi.se\/wp-content\/uploads\/2024\/01\/D2A0991_sm-768x1151.jpg 768w, https:\/\/www.smalandsakademi.se\/wp-content\/uploads\/2024\/01\/D2A0991_sm-1025x1536.jpg 1025w, https:\/\/www.smalandsakademi.se\/wp-content\/uploads\/2024\/01\/D2A0991_sm.jpg 1281w\" sizes=\"auto, (max-width: 683px) 100vw, 683px\" \/><figcaption class=\"wp-element-caption\">Sm\u00e5lands akademi i V\u00e4xj\u00f6 20231111<\/figcaption><\/figure>\n\n\n\n<figure class=\"wp-block-image size-large\"><img loading=\"lazy\" decoding=\"async\" width=\"1024\" height=\"683\" data-id=\"1832\" src=\"https:\/\/www.smalandsakademi.se\/wp-content\/uploads\/2024\/01\/D2A0984_sm-1024x683.jpg\" alt=\"\" class=\"wp-image-1832\" srcset=\"https:\/\/www.smalandsakademi.se\/wp-content\/uploads\/2024\/01\/D2A0984_sm-1024x683.jpg 1024w, https:\/\/www.smalandsakademi.se\/wp-content\/uploads\/2024\/01\/D2A0984_sm-300x200.jpg 300w, https:\/\/www.smalandsakademi.se\/wp-content\/uploads\/2024\/01\/D2A0984_sm-768x512.jpg 768w, https:\/\/www.smalandsakademi.se\/wp-content\/uploads\/2024\/01\/D2A0984_sm-1536x1025.jpg 1536w, https:\/\/www.smalandsakademi.se\/wp-content\/uploads\/2024\/01\/D2A0984_sm.jpg 1920w\" sizes=\"auto, (max-width: 1024px) 100vw, 1024px\" \/><figcaption class=\"wp-element-caption\">Sm\u00e5lands akademi i V\u00e4xj\u00f6 20231111<\/figcaption><\/figure>\n\n\n\n<figure class=\"wp-block-image size-large\"><img loading=\"lazy\" decoding=\"async\" width=\"1024\" height=\"683\" data-id=\"1831\" src=\"https:\/\/www.smalandsakademi.se\/wp-content\/uploads\/2024\/01\/D2A0960_sm-1024x683.jpg\" alt=\"\" class=\"wp-image-1831\" srcset=\"https:\/\/www.smalandsakademi.se\/wp-content\/uploads\/2024\/01\/D2A0960_sm-1024x683.jpg 1024w, https:\/\/www.smalandsakademi.se\/wp-content\/uploads\/2024\/01\/D2A0960_sm-300x200.jpg 300w, https:\/\/www.smalandsakademi.se\/wp-content\/uploads\/2024\/01\/D2A0960_sm-768x512.jpg 768w, https:\/\/www.smalandsakademi.se\/wp-content\/uploads\/2024\/01\/D2A0960_sm-1536x1025.jpg 1536w, https:\/\/www.smalandsakademi.se\/wp-content\/uploads\/2024\/01\/D2A0960_sm.jpg 1920w\" sizes=\"auto, (max-width: 1024px) 100vw, 1024px\" \/><figcaption class=\"wp-element-caption\">Sm\u00e5lands akademi i V\u00e4xj\u00f6 20231111<\/figcaption><\/figure>\n<\/figure>\n","protected":false},"excerpt":{"rendered":"<p>Sm\u00e5lands akademi fyllde \u00e5r 2023 30 \u00e5r. En historik \u00f6ver [&hellip;]<\/p>\n","protected":false},"author":1,"featured_media":0,"parent":0,"menu_order":0,"comment_status":"closed","ping_status":"closed","template":"","meta":{"footnotes":""},"class_list":["post-1815","page","type-page","status-publish","hentry"],"_links":{"self":[{"href":"https:\/\/www.smalandsakademi.se\/index.php?rest_route=\/wp\/v2\/pages\/1815","targetHints":{"allow":["GET"]}}],"collection":[{"href":"https:\/\/www.smalandsakademi.se\/index.php?rest_route=\/wp\/v2\/pages"}],"about":[{"href":"https:\/\/www.smalandsakademi.se\/index.php?rest_route=\/wp\/v2\/types\/page"}],"author":[{"embeddable":true,"href":"https:\/\/www.smalandsakademi.se\/index.php?rest_route=\/wp\/v2\/users\/1"}],"replies":[{"embeddable":true,"href":"https:\/\/www.smalandsakademi.se\/index.php?rest_route=%2Fwp%2Fv2%2Fcomments&post=1815"}],"version-history":[{"count":7,"href":"https:\/\/www.smalandsakademi.se\/index.php?rest_route=\/wp\/v2\/pages\/1815\/revisions"}],"predecessor-version":[{"id":1867,"href":"https:\/\/www.smalandsakademi.se\/index.php?rest_route=\/wp\/v2\/pages\/1815\/revisions\/1867"}],"wp:attachment":[{"href":"https:\/\/www.smalandsakademi.se\/index.php?rest_route=%2Fwp%2Fv2%2Fmedia&parent=1815"}],"curies":[{"name":"wp","href":"https:\/\/api.w.org\/{rel}","templated":true}]}}