{"id":1896,"date":"2024-07-30T08:58:37","date_gmt":"2024-07-30T08:58:37","guid":{"rendered":"http:\/\/www.smalandsakademi.se\/?page_id=1896"},"modified":"2026-02-24T08:14:18","modified_gmt":"2026-02-24T08:14:18","slug":"uppfinningsrika-smaland","status":"publish","type":"page","link":"https:\/\/www.smalandsakademi.se\/?page_id=1896","title":{"rendered":"Uppfinningsrika Sm\u00e5land"},"content":{"rendered":"\n<p>V\u00e5rt motto i Sm\u00e5lands akademi \u00e4r Snille och envishet.&nbsp;<\/p>\n\n\n\n<p>Innovation och entrepren\u00f6rskap \u00e4r stora ord. Lite klurig och finurlig mer vardagligt. Det finns m\u00e5nga, nya och gamla sm\u00e5l\u00e4nningar, som med sin snillrikhet och envishet inom m\u00e5nga omr\u00e5den bidragit till ett&nbsp;<strong>uppfinningsrikt Sm\u00e5land.&nbsp;<\/strong>Den l\u00e4tt dubbeltydiga titeln syftar till att det finns m\u00e5nga enskilda enast\u00e5ende uppfinningar gjorda i Sm\u00e5land, det g\u00f6r hela landskapet uppfinnings<em>rikt.<\/em>Men det \u00e4r ocks\u00e5 en observation att vi skulle vara och bli \u00e4n mer uppfinningsrika om vi k\u00e4nde till, inspirerades och anv\u00e4nde oss mer av varandras uppfinningsrikedom.<\/p>\n\n\n\n<p>Ledam\u00f6terna t\u00e4cker m\u00e5nga olika omr\u00e5den sj\u00e4lva och kan historier om \u00e4n fler. Att skriva fram en bukett av n\u00e5gra k\u00e4nda och n\u00e5gra ok\u00e4nda och ot\u00e4nkta ber\u00e4ttelser om uppfinningsrika sm\u00e5l\u00e4nningar inom olika f\u00e4lt.<\/p>\n\n\n\n<p>En s\u00e5dan framst\u00e4llning kan ocks\u00e5 p\u00e5 ett viktigt s\u00e4tt vidga f\u00f6rest\u00e4llningen om var innovation och entrepren\u00f6rskap upptr\u00e4der och \u00e5stadkommer. Det \u00e4r inte bara intressant utan viktigt i en tid d\u00e4r m\u00e5nga skickligheter beh\u00f6ver mobiliseras f\u00f6r att kunna m\u00f6ta de samh\u00e4llsutmaningar b\u00e5de vi och v\u00e4rlden st\u00e5r inf\u00f6r. Vi vill med exemplens makt visa p\u00e5 tradition och f\u00f6rnyelse och d\u00e4rmed ge ett fr\u00f6 av hopp i apokalyptisk tid.<\/p>\n\n\n\n<hr class=\"wp-block-separator has-alpha-channel-opacity\"\/>\n\n\n\n<p>N\u00e5gra av aktiviteterna som lyfter temat:<\/p>\n\n\n\n<p>Ledam\u00f6terna har h\u00f6sten 2025 f\u00e4rdigst\u00e4llt en <strong>bok: Uppfinningsrika Sm\u00e5land: innovation, tradition och entrepren\u00f6rskap<\/strong>.<\/p>\n\n\n\n<p><a href=\"https:\/\/www.votummedia.se\/produkt\/uppfinningsrika-smaland-innovation-tradition-och-entreprenorskap\">https:\/\/www.votummedia.se\/produkt\/uppfinningsrika-smaland-innovation-tradition-och-entreprenorskap<\/a><\/p>\n\n\n\n<p>Den presenterades offentligt p\u00e5 h\u00f6gtidssammankomsten i J\u00f6nk\u00f6ping.<\/p>\n\n\n\n<p>Som ett led i arbetet med boken hade vi ett gemensamt  <strong>forskarseminarium<\/strong> p\u00e5 Linn\u00e9universitetet 16 maj 2025. En workshop om samspelet mellan livsformer, kultur, teknik, samh\u00e4lle och entrepren\u00f6rskap p\u00e5 Linn\u00e9universitetet tillsammans med Sm\u00e5lands akademi: <a href=\"https:\/\/lnu.se\/mot-linneuniversitetet\/aktuellt\/kalender\/2025\/det-uppfinningsrika-smaland\/\">https:\/\/lnu.se\/mot-linneuniversitetet\/aktuellt\/kalender\/2025\/det-uppfinningsrika-smaland\/<\/a><\/p>\n\n\n\n<p>Var finns <strong>Sm\u00e5lands mittpunkt<\/strong>? <a href=\"https:\/\/www.smalandsakademi.se\/?p=1977\">https:\/\/www.smalandsakademi.se\/?p=1977<\/a><\/p>\n\n\n\n<p>Den 25 februari 2026 hade vi ett \u00f6ppet program runt projekt och bok p\u00e5 Kalmar l\u00e4ns museum. http:\/\/www.smalandsakademi.se\/?p=2111<\/p>\n","protected":false},"excerpt":{"rendered":"<p>V\u00e5rt motto i Sm\u00e5lands akademi \u00e4r Snille och envishet.&nbsp; Innovation [&hellip;]<\/p>\n","protected":false},"author":1,"featured_media":0,"parent":0,"menu_order":0,"comment_status":"open","ping_status":"closed","template":"","meta":{"footnotes":""},"class_list":["post-1896","page","type-page","status-publish","hentry"],"_links":{"self":[{"href":"https:\/\/www.smalandsakademi.se\/index.php?rest_route=\/wp\/v2\/pages\/1896","targetHints":{"allow":["GET"]}}],"collection":[{"href":"https:\/\/www.smalandsakademi.se\/index.php?rest_route=\/wp\/v2\/pages"}],"about":[{"href":"https:\/\/www.smalandsakademi.se\/index.php?rest_route=\/wp\/v2\/types\/page"}],"author":[{"embeddable":true,"href":"https:\/\/www.smalandsakademi.se\/index.php?rest_route=\/wp\/v2\/users\/1"}],"replies":[{"embeddable":true,"href":"https:\/\/www.smalandsakademi.se\/index.php?rest_route=%2Fwp%2Fv2%2Fcomments&post=1896"}],"version-history":[{"count":4,"href":"https:\/\/www.smalandsakademi.se\/index.php?rest_route=\/wp\/v2\/pages\/1896\/revisions"}],"predecessor-version":[{"id":2113,"href":"https:\/\/www.smalandsakademi.se\/index.php?rest_route=\/wp\/v2\/pages\/1896\/revisions\/2113"}],"wp:attachment":[{"href":"https:\/\/www.smalandsakademi.se\/index.php?rest_route=%2Fwp%2Fv2%2Fmedia&parent=1896"}],"curies":[{"name":"wp","href":"https:\/\/api.w.org\/{rel}","templated":true}]}}