{"id":257,"date":"2010-10-10T14:11:13","date_gmt":"2010-10-10T14:11:13","guid":{"rendered":"http:\/\/www.smalandsakademi.se\/?page_id=257"},"modified":"2025-11-17T09:23:55","modified_gmt":"2025-11-17T09:23:55","slug":"linnepriset","status":"publish","type":"page","link":"https:\/\/www.smalandsakademi.se\/?page_id=257","title":{"rendered":"Linn\u00e9priset"},"content":{"rendered":"<p><strong><a href=\"http:\/\/www.smalandsakademi.se\/wp-content\/uploads\/2010\/10\/linne1.jpg\"><img loading=\"lazy\" decoding=\"async\" class=\"alignright size-thumbnail wp-image-166\" title=\"Carl von Linn\u00e9\" src=\"http:\/\/www.smalandsakademi.se\/wp-content\/uploads\/2010\/10\/linne1-142x150.jpg\" alt=\"\" width=\"142\" height=\"150\" \/><\/a>Carl von Linn\u00e9<\/strong><strong><br \/>\n<\/strong><strong>Botaniker, vetenskapsman<\/strong><strong><br \/>\n<\/strong><strong>F\u00f6dd 1707 i Stenbrohult,<\/strong><strong><br \/>\n<\/strong><strong>d\u00f6d 1778<\/strong><br \/>\nSm\u00e5l\u00e4nningen Carl Linnaeus &#8211; adlad von Linn\u00e9 1757 &#8211; \u00e4r en av biologins st\u00f6rsta systematiker och en av v\u00e5ra internationellt mest k\u00e4nda svenskar. Hans <em>Systema naturae<\/em> &#8211; klassificering av v\u00e4xter enligt det s k sexualsystemet &#8211; utkom 1735. Professor i Uppsala 1741.<br \/>\nLinn\u00e9 har givit namn \u00e5r Sm\u00e5lands landskapsblomma, linnean. Han skrev \u00e4ven intressanta skildringar fr\u00e5n sina resor runtom i Sverige.<\/p>\n<p><strong>Linn\u00e9priset &#8211; f\u00f6r insatser inom linneanska f\u00e4lt<\/strong><\/p>\n<p>Sm\u00e5l\u00e4nningen Carl von Linn\u00e9 \u00e5tnjuter v\u00e4rldsrykte som botanist och naturforskare men har ocks\u00e5 kallats \u201dv\u00e5r f\u00f6rste naturekonom\u201d, med inriktning p\u00e5 resurshush\u00e5llning. Till Linn\u00e9s \u00e4ra utdelar Sm\u00e5lands Akademi och Sparbanken Eken ett \u00e5rligt pris p\u00e5 40\u00a0000 kronor f\u00f6r insatser i hans anda, med fokus p\u00e5 natur och milj\u00f6, biologisk m\u00e5ngfald, klimatfr\u00e5gan och en l\u00e5ngsiktigt h\u00e5llbar samh\u00e4llsutveckling. \u00a0Pristagaren\/pristagarna kan vara f\u00f6rfattare, konstn\u00e4rer och opinionsbildare men ocks\u00e5 t ex forskare, l\u00e4rare, innovat\u00f6rer och f\u00f6retagare.<\/p>\n<p>Medutdelare var f\u00f6re 2020, S\u00f6dra 2016-2019 med 30.000 kr, f\u00f6re det LRF. 2023 bidrog Ingmar Nordstr\u00f6m, och fr\u00e5n 2024 genom en donation av Ingemar Erlandsson Leek.<\/p>\n<p style=\"font-weight: 400;\"><strong>2025 Elna Svenle<\/strong><\/p>\n<p style=\"font-weight: 400;\">F\u00f6r att hon i ledningen av Vandalorum sedan 2013 utvecklat en unik nationell och internationellt synlig och respekterad sm\u00e5l\u00e4ndsk kulturinstitution. I Linn\u00e9s anda skapar hon resurser f\u00f6r en h\u00e5llbar samh\u00e4llsutveckling genom att f\u00f6rena h\u00f6ga konstn\u00e4rliga ambitioner med ett samh\u00e4llsn\u00e4ra arbete.<\/p>\n<p><a href=\"http:\/\/www.smalandsakademi.se\/wp-content\/uploads\/2025\/11\/Tal-till-Elna-Svenle.docx\">Tal till Elna Svenle<\/a><\/p>\n<p><strong>2024 Annevi Sj\u00f6berg och Markus Ste\u00e9n\u00a0<\/strong><\/p>\n<p>F\u00f6r att de kreativt \u2013 genom kurser och r\u00e5dgivning \u2013 bidrar till f\u00f6rnyelsen av svenskt skogsbruk, med metoder som fr\u00e4mjar variation och sk\u00f6nhet, kolinlagring, biologisk m\u00e5ngfald och d\u00e4rmed \u00e4ven skogens robusthet och ekonomiska nytta i tider av klimatkris och extremv\u00e4der.<\/p>\n<p><strong>2023 <\/strong><strong>Sverker S\u00f6rlin<br \/>\n<\/strong>F\u00f6r en enast\u00e5ende g\u00e4rning i forskningens, bildningens och samh\u00e4llsdebattens tj\u00e4nst, pr\u00e4glad av linneansk nyfikenhet och ett djupt engagemang f\u00f6r samtidens livsavg\u00f6rande fr\u00e5gor, och f\u00f6r sin s\u00e4llsynta f\u00f6rm\u00e5ga att i tal och skrift levandeg\u00f6ra och f\u00f6ra ut vetenskap till en st\u00f6rre publik. Sverker S\u00f6rlin \u00e4r id\u00e9historiker, f\u00f6rfattare och professor i milj\u00f6historia, och en av de allra viktigaste r\u00f6sterna i klimat- och forskningsfr\u00e5gor runt om i v\u00e4rlden.<\/p>\n<p><strong>2022 Botaniska s\u00e4llskapet i J\u00f6nk\u00f6ping<br \/>\n<\/strong>Inte bara f\u00f6r sitt envisa folkbildningsarbete med st\u00f6vlar p\u00e5, utan i lika h\u00f6g grad f\u00f6r att Botaniska s\u00e4llskapet i J\u00f6nk\u00f6ping med \u201dS\u00f6dra V\u00e4tterbygdens flora\u201d bevisar att uppt\u00e4ckargl\u00e4djen \u00e4r det vassaste vapnet i f\u00f6rsvaret av landskapets biologiska v\u00e4rden.<br \/>\n<em><a href=\"http:\/\/www.smalandsakademi.se\/wp-content\/uploads\/2022\/11\/Lovtal-till-Botaniska-Sallskapet-i-Jonkoping.docx\">Lovtal till Botaniska S\u00e4llskapet i J\u00f6nk\u00f6ping<\/a><\/em><\/p>\n<p><strong>2021\u00a0<\/strong><strong>Inger och Mats Runesson<br \/>\n<\/strong>I en tid av allvarliga hot mot planetens biologiska m\u00e5ngfald har paret Runesson \u2013 i linneansk anda \u2013 m\u00e5lmedvetet och med stor kunskap och k\u00e4rlek utformat sortiment av fr\u00f6n och plantor av vilda \u00f6rter och gr\u00e4s och d\u00e4rmed stimulerat till anl\u00e4ggandet av \u201d\u00e4ngar\u201d runtom i Sverige; milj\u00f6er av stor sk\u00f6nhet och kulturhistoria som aktivt fr\u00e4mjar pollinerande insekter, sm\u00e5f\u00e5glar och mullens ekosystem.<br \/>\n<strong><br \/>\n2020 Karin Fransson<br \/>\n<\/strong>Carl von Linn\u00e9 var starkt engagerad i dietetik; livsstil, matvanor och kokkonst. Karin Fransson har en livsg\u00e4rning i Linn\u00e9s anda, hon \u00e4r en av Sveriges fr\u00e4msta kockar och en pionj\u00e4r i att samla markens \u00f6rter f\u00f6r att med dem f\u00f6r\u00e4dla m\u00e5ltidens goda r\u00e5varor. Som en av de stora f\u00f6rebilderna i sin bransch har hon gener\u00f6st f\u00f6rmedlat sina kunskaper och insikter till generationer av kockar likav\u00e4l som till allm\u00e4nheten genom b\u00f6cker, radio och tv.<strong><br \/>\n<\/strong><\/p>\n<p><strong>2019 G\u00f6ran Bergengren<br \/>\n<\/strong>Fr\u00e5n sin \u00f6stg\u00f6tska utsiktspunkt har G\u00f6ran Bergengren med linneansk sk\u00e4rpa och nyfikenhet skrivit ett stort antal b\u00f6cker om natur och m\u00e4nniska, f\u00f6r b\u00e5de barn och vuxna. Hans senaste opus, \u201dMeningen med bin\u201d \u00e4r full av uppt\u00e4ckargl\u00e4dje men f\u00f6rmedlar ocks\u00e5, p\u00e5 en vacker men stundom karg sakprosa, den oro vi alla k\u00e4nner inf\u00f6r hoten mot planetens biologiska m\u00e5ngfald och m\u00e4nsklighetens framtid.<\/p>\n<p><em><a href=\"http:\/\/www.smalandsakademi.se\/wp-content\/uploads\/2020\/07\/Lovtal-till-G\u00f6ran-Bergengren.docx\">Tal till G\u00f6ran Bergengren<\/a><\/em><strong><br \/>\n<\/strong><\/p>\n<p><a href=\"file:\/\/\/C:\/Users\/orjan.molander\/OneDrive%20-%20Kalmar%20l%C3%A4ns%20museum\/Sm%C3%A5lands%20akademi\/G%C3%B6ran%20Bergengren%20tal%202019.pdf\"><em>Tal av G\u00f6ran Bergengren<\/em><\/a><\/p>\n<p><strong>2018 Kerstin Ekman<\/strong><br \/>\nPristagaren \u00e4r en av de stora f\u00f6rfattarna. Ink\u00e4nnande och med djup kunskap gestaltar hon m\u00e4nniska och natur. Ekmans bok \u201dD\u00e5 allt var levande och lustigt\u201d ber\u00e4ttar om pr\u00e4sten och Linn\u00e9l\u00e4rjungen Clas Bjerkanders liv och verksamhet. Med fina detaljer ges bilden av hur daglig str\u00e4vsamhet ser ut f\u00f6r en av 1700-talets naturforskare och hur tidig svensk forskning utvecklas fr\u00e5n Linn\u00e9 och fram\u00e5t.\u00a0<em><a href=\"http:\/\/www.smalandsakademi.se\/wp-content\/uploads\/2020\/07\/181110-Tal-till-Kerstin-Ekman-Linnepriset-2018.docx\">Tal till Kerstin Ekman<\/a><\/em><\/p>\n<p><strong>2017\u00a0Martin Emten\u00e4s<br \/>\n<\/strong>F\u00f6r det engagemang och den entusiasm varmed han presenterat natur i Sverige och i v\u00e4rlden i ett stort antal tv-program och f\u00f6r den kunskap om Sveriges flora och fauna som han skarpt f\u00e5ngat i bokform b\u00e5de f\u00f6r barn och vuxna.<br \/>\n<em><a href=\"http:\/\/www.smalandsakademi.se\/wp-content\/uploads\/2018\/01\/Tal-till-Emten\u00e4s.docx\">Tal till Emten\u00e4s<\/a><\/em><\/p>\n<p><strong>2016 Str\u00f6msbergsf\u00f6reningen<\/strong><br \/>\nGenom idogt och envetet arbete i sann sm\u00e5l\u00e4ndsk anda har Str\u00f6msbergsf\u00f6reningen r\u00e4ddat ett av s\u00f6dra Sveriges st\u00f6rsta sammanh\u00e4ngande l\u00f6vskogsomr\u00e5den. Idag \u00e4r Str\u00f6msbergsskogen ett av J\u00f6nk\u00f6pingsbornas k\u00e4raste utflyktsm\u00e5l.<br \/>\n<a href=\"http:\/\/www.smalandsakademi.se\/wp-content\/uploads\/2010\/10\/Tal-till-Str\u00f6msbergsf\u00f6reningen.docx\">Tal till Str\u00f6msbergsf\u00f6reningen<\/a><\/p>\n<p><a href=\"http:\/\/www.smalandsakademi.se\/wp-content\/uploads\/2010\/10\/Str\u00f6msbergsf\u00f6reningen-Lars-Hartvigsson.docx\">Anf\u00f6rande f\u00f6r Stromsbergsforeningen av Lars Hartvigsson<\/a><\/p>\n<p><strong>2015 Jan Mikaelsson<\/strong><br \/>\nF\u00f6r en omfattande och folkbildande g\u00e4rning, som p\u00e5 ett engagerat och lustfyllt s\u00e4tt levandegjort jordens tidigaste historia och samtidigt tydliggjort m\u00e4nniskans del i och ansvar f\u00f6r natur och milj\u00f6.\u00a0<a href=\"http:\/\/www.smalandsakademi.se\/wp-content\/uploads\/2010\/10\/Tal-till-Jan-Mikaelsson.pdf\">Tal till Jan Mikaelsson<\/a><\/p>\n<p><strong>2014 Tomas Bannerhed<br \/>\n<\/strong>I sin hyllade roman Korparna har Tomas Bannerhed \u00f6msint speglat det ansatta sm\u00e5l\u00e4ndska sm\u00e5jordbrukets villkor, samtidigt som han p\u00e5 ett f\u00f6r sk\u00f6nlitteraturen ovanligt och initierat s\u00e4tt v\u00e4vt in f\u00e5gelsk\u00e5dningens gl\u00e4dje i en pojkes inte helt l\u00e4tta uppv\u00e4xt.<\/p>\n<p><strong>2013\u00a0\u00a0F\u00f6reningen Biosf\u00e4romr\u00e5de \u00d6stra V\u00e4tterbranterna<br \/>\n<\/strong>F\u00f6reningen har utf\u00f6rt ett arbete som har g\u00e5tt fr\u00e5n konfliktfylld st\u00e4mning mellan naturv\u00e5rd och produktionsintressen till f\u00f6rtroendefullt samarbete f\u00f6r h\u00e5llbar utveckling, n\u00e5got som sommaren 2012 resulterade i att FN-organet Unesco uts\u00e5g det dramatiska landskapet mellan Omberg i norr och Tenhult i s\u00f6der till Sm\u00e5lands hittills enda biosf\u00e4romr\u00e5de.<\/p>\n<p><strong>2012\u00a0Torbj\u00f6rn Lindell<br \/>\n<\/strong>Lindell \u00e4r en framst\u00e5ende Linn\u00e9forskare, medlem av The Linnean Society. Linn\u00e9\u00e5ret 2007 gav han ut biografin <em>Carl von Linn\u00e9. Den full\u00e4ndade forskaren <\/em>som b\u00e5de genom sitt inneh\u00e5ll och genom sin utformning \u00e4r en full\u00e4ndad presentation. P\u00e5 drygt hundra sidor presenterar Lundell h\u00e4r Linn\u00e9s hela liv och verk. D\u00e4rtill \u00e4r det en mycket vacker bok<\/p>\n<p><strong>2011 Fredrik Sj\u00f6berg<\/strong><br \/>\nSj\u00f6berg har p\u00e5 ett lysande s\u00e4tt visar hur naturvetenskap och humaniora l\u00e5ter sig f\u00f6renas. Sinnrikt fl\u00e4tar han samman tr\u00e5dar fr\u00e5n b\u00e5da disciplinerna, blandar skickligt l\u00e4rdom med bitande humor, g\u00f6r l\u00e4saren nyfiken och h\u00e5ller sp\u00e4nningen vid liv till sista sidan. Han \u00e4r dessutom en stor spr\u00e5kkonstn\u00e4r och en kompositionens m\u00e4stare. L\u00e4saren f\u00e5r p\u00e5 ett underh\u00e5llande s\u00e4tt ny sp\u00e4nnande kunskap om t.ex. blomflugor (<em>Flugf\u00e4llan<\/em> 2004), konstn\u00e4ren Gunnar Widforss (<em>Flyktkonsten<\/em> 2006) och daggmaskar (<em>Russinkungen<\/em> 2009).<\/p>\n<p><strong>2010 Magnus Apelqvist och Per Bergstr\u00f6m<br \/>\n<\/strong>Pristagare l\u00e4rare vid H\u00f6gskolan i J\u00f6nk\u00f6ping<strong>. <\/strong>De f\u00e5r det f\u00f6r sina\u00a0musikaliskt-poetiska scenprogram om hur vi alla b\u00e4ttrekan f\u00f6rst\u00e5 naturen och oss sj\u00e4lva och d\u00e4rmed verka f\u00f6r en mer h\u00e5llbar livsstil och samh\u00e4lls-utveckling. Deras texter \u00e4r underfundiga, kloka och roliga och musiken en h\u00e4rlig blandning av olika stilar. Utifr\u00e5n en holistisk v\u00e4rldsbild bygger de broar fr\u00e5n naturvetenskap till humaniora och samh\u00e4llsengagemang, d\u00e4rtill med enf\u00f6rdjupande existentiell dimension<\/p>\n<p><strong>2009 Stenminnen<br \/>\n<\/strong>Ida Andersen och \u00c5sa Nyhl\u00e9n tilldelas priset f\u00f6r det praktfulla verket Stenminnen, som kunskapsrikt, v\u00e4lskrivet och med stor fotografisk konstn\u00e4rlighet dokumenterar ett s\u00e4rpr\u00e4glat k\u00e4nnetecken f\u00f6r det sm\u00e5l\u00e4ndska landskapet och samtidigt f\u00f6rtj\u00e4nstfullt f\u00f6rmedlar ett omistligt stycke kulturhistoria.<\/p>\n<p><strong>2008 Sm\u00e5lands Flora<\/strong><strong><br \/>\n<\/strong>Med sina 1216 sidor f\u00f6rdelade p\u00e5 tv\u00e5 band \u00e4r verket det st\u00f6rsta av de i Sverige utgivna flororna. F\u00f6r att beskriva landskapets olika v\u00e4xter har totalt 380 personer fingranskat markerna i Sm\u00e5land. V\u00e4xtlokalerna har bes\u00f6kts v\u00e5r, sommar och h\u00f6st. Tillsammans har botanisterna letat v\u00e4xter i mer \u00e4n 6000 dagar och vandrat \u00f6ver 4000 mil i landskapet, vilket har tagit 14 \u00e5r att utf\u00f6ra. Sm\u00e5landsfloran \u00e4r till stor nytta f\u00f6r naturv\u00e5rden i landet och ett viktigt redskap i kulturminnesv\u00e5rden. I projektet har alla arbetat ideellt och dessutom bekostat sina egna resor.<\/p>\n<p><strong>2007 Marita Jonsson<\/strong><br \/>\nI det praktfulla verket <em>Carl von Linn\u00e9. Boningar, tr\u00e4dg\u00e5rdar och milj\u00f6er<\/em> (2003) skildrar hon insiktsfullt i ord och bild Linn\u00e9s liv i de olika milj\u00f6er d\u00e4r han har levt och verkat. I <em>Linn\u00e9 p\u00e5 Gotland <\/em>(2007) \u00e5terger hon en forskningsresa p\u00e5 Gotland med utg\u00e5ngspunkt i Linn\u00e9s dagboksanteckningar. Hon har dessutom varit projektledare f\u00f6r upprustningen av R\u00e5shult. Till detta kommer en rad andra b\u00f6cker om konst, arkitektur och hantverk.<\/p>\n<p><strong>2006 Lena och Micha\u00ebl Micha\u00eblsson<\/strong><br \/>\nUtifr\u00e5n gedigna kunskaper om det gamla bondelandskapets historia, botanik och h\u00e4vd, och med stor k\u00e4rlek, flit och omsorg har de under snart tv\u00e5 decennier utf\u00f6rt en kulturhistoriskt unik g\u00e4rning genom att restaurera, v\u00e5rda och p\u00e5 ett tidstypiskt s\u00e4tt sk\u00f6ta \u00e5ker, \u00e4ng, betesmarker och tr\u00e4dg\u00e5rdsland i det kulturreservat som utg\u00f6rs av Linn\u00e9s f\u00f6delseg\u00e5rd i Sm\u00e5land.<\/p>\n<p><strong>2005 Lena Anderson<\/strong><br \/>\nLena Anderssons bilderboksgestalter har blivit v\u00e4lk\u00e4nda och uppskattade av barn l\u00e5ngt utanf\u00f6r v\u00e5rt land. Hon \u00e4r v\u00e4l hemmastadd i b\u00e5de barnens och v\u00e4xternas v\u00e4rld. V\u00e4rme, humor och lustfylld saklighet pr\u00e4glar hennes verk \u2013 med dem \u00f6ppnar hon barnens \u00f6gon inf\u00f6r naturens under. Den respekt och omsorg hon p\u00e5 detta vis f\u00f6rmedlar inf\u00f6r allt som v\u00e4xer och gror k\u00e4nns som ett hoppfullt tecken.<\/p>\n<p><strong>2004 Peter Gerdehag<\/strong><strong><br \/>\n<\/strong>I mer \u00e4n tv\u00e5 decennier har Peter Gerdehag genom b\u00f6cker, f\u00f6rel\u00e4sningar, utst\u00e4llningar och nu \u00e4ven TV-filmer skildrat natur, m\u00e4nniskor och landskap fr\u00e5n kust till fj\u00e4ll med ett s\u00e4rskilt hj\u00e4rta f\u00f6r det sm\u00e5l\u00e4ndska odlingslandskapet. M\u00e4sterligt f\u00f6renar han estetisk k\u00e4nsla med dokument\u00e4r exakthet och ger d\u00e4rmed oss alla ett effektivt redskap i kampen f\u00f6r att bevara v\u00e5rt lands v\u00e4rdefulla natur- och kulturmilj\u00f6er.<\/p>\n<p><strong>2003 Bj\u00f6rn Berglund <\/strong><strong><br \/>\n<\/strong>I sina b\u00f6cker, exempelvis Hallonm\u00e4nniskan, \u00d6gat i blomman och G\u00f6ktytan flyger, skildrar han tillvarons f\u00f6runderliga v\u00e4v, livets snabba flykt och v\u00e5r egen m\u00e4nskliga s\u00e5rbarhet. Sparsmakat och med uts\u00f6kt k\u00e4nsla f\u00f6r ordens val\u00f6r, f\u00f6renar han poesi och saklighet i skarp\u00f6gda, ofta ov\u00e4ntade bilder f\u00f6r kraften i upplevelsen av en blomma, en myra eller det kn\u00e4ppandet ljudet av tallkotten som sl\u00e4pper sina fr\u00f6n.<br \/>\n<strong><br \/>\n<\/strong><strong>2002 Sten Dun\u00e9r<\/strong><br \/>\nHan f\u00e5r priset f\u00f6r sina s\u00e4llsamma b\u00f6cker om tr\u00e4dg\u00e5rdskonstens filosofi, estetik och kulturhistoria. \u00d6msint och med humor ger han nya perspektiv p\u00e5 v\u00e5r lust att omforma naturen. L\u00e4rt och l\u00e4tt, i sann linneansk anda, bjuds vi p\u00e5 str\u00f6vt\u00e5g till tr\u00e4dg\u00e5rdar som genom tiderna speglat m\u00e4nniskans eviga dr\u00f6mmar och hennes bilder av sig sj\u00e4lv, v\u00e4rlden och Gud.<br \/>\n<strong><br \/>\n<\/strong><strong>2001 Karin Berglund<\/strong><br \/>\nF\u00f6r en enast\u00e5ende insats som den svenska tr\u00e4dg\u00e5rdskonstens mest sinnliga uttolkare. Hennes f\u00f6rm\u00e5ga att beskriva en bl\u00e5klocka eller ett nedfallet \u00e4ppeltr\u00e4d i en gammal tr\u00e4dg\u00e5rd f\u00e5r en l\u00e4sare att \u00f6ppna kanaler till f\u00f6r henne ok\u00e4nda dimensioner. Karin Berglund har som skribent i bland annat Dagens Nyheter och som f\u00f6rfattare till flera olika tr\u00e4dg\u00e5rdsb\u00f6cker visat att hon ing\u00e5r i den stora linneanska traditionen d\u00e4r k\u00e4nsla, fakta och spr\u00e5klig sp\u00e4nst f\u00f6renas.<\/p>\n<p><strong>2000 Ingvar Christoffersson<\/strong><strong><br \/>\n<\/strong>F\u00f6r ett betydelsefullt engagemang under n\u00e4rmare ett halvt sekel f\u00f6r att bevara, skydda och levandeg\u00f6ra omistliga sm\u00e5l\u00e4ndska naturv\u00e4rden.<\/p>\n<p><strong>1999 Jan Danielson<\/strong><br \/>\nF\u00f6r en eminent f\u00f6rm\u00e5ga att likt en sentida Linn\u00e9 vandra Mitt i naturen med en stor publik och bjuda p\u00e5 ov\u00e4ntade aha-upplevelser med st\u00e4ndigt nya vinklingar, allt serverat med den klurighet och en uts\u00f6kt spr\u00e5kbehandling av b\u00e4sta linneanska m\u00e4rke.<\/p>\n<p><strong>1998 Lotte M\u00f6ller<\/strong><br \/>\nF\u00f6r hennes f\u00f6rm\u00e5ga att som f\u00f6rfattare och kulturskribent gestalta den magi och den kulturhistoria som ligger dold i tr\u00e4dg\u00e5rdens natur.<\/p>\n<p><strong>1997 Lennart Sj\u00f6gren<\/strong><br \/>\nF\u00f6r sin sensibla och kompromissl\u00f6sa poetiska gestaltning av fr\u00e5gorna om liv och d\u00f6d och m\u00e4nniskans utsatthet i naturens outgrundliga kretslopp; f\u00f6r ett s\u00e4rpr\u00e4glat konstn\u00e4rskap som v\u00e4ckt till ekologisk medvetenhet l\u00e5ngt f\u00f6re ett mera allm\u00e4nt milj\u00f6engagemang.<\/p>\n<p><strong>1996 Anders B\u00f6rjeson<\/strong><br \/>\nF\u00f6r att han som en nutida Linn\u00e9 genom en m\u00e5ng\u00e5rig verksamhet i radioprogrammet Naturmorgon st\u00e4ndigt f\u00f6rnyar och breddar naturjournalistikens spr\u00e5k och inneh\u00e5ll med sensuell poetisk ber\u00e4ttargl\u00e4dje of\u00f6rtr\u00f6ttligt f\u00f6rmedlar dofter och syner, kunskap och milj\u00f6engagemang till en svensk publik.<\/p>\n<p><strong>1995 Anders Johansson<\/strong><strong><br \/>\n<\/strong>F\u00f6r ett varierat f\u00f6rfattarskap och fotografisk dokumenterande av naturen och m\u00e4nniskorna i det sm\u00e5l\u00e4ndska kulturlandskapet, f\u00f6r den lyriska grundtonen, det insiktsfulla engagemanget och modiga ifr\u00e5gas\u00e4ttande i omsorgen om v\u00e5rt kulturarv och dess dimensioner i tid och rum.<\/p>\n<p><strong>1994 Ann Margret Dahlquist-Ljungberg<\/strong><br \/>\nF\u00f6r sitt milj\u00f6engagemang, vars kraftk\u00e4lla \u00e4r sj\u00e4lva k\u00e4rleken till naturen och de levande.<br \/>\nHon \u00e4r bildkonstn\u00e4r och poet, med stark lidelse f\u00f6r planeten Jordens framtid. Kunnigt och med inlevelse gestaltar hon fr\u00e5gorna om f\u00f6rtryck och utsugning, milj\u00f6f\u00f6rst\u00f6ring och ofred.<br \/>\nHennes poesi kan viska som suset av l\u00e4kande gr\u00e4s. Eller formas till underfundig humor som i dikten om Linn\u00e9 i himmelen. Men oftare flyter orden fram som gl\u00f6dande lavastr\u00f6mmar ur en vredgad krater. \u00c4nd\u00e5 finns h\u00e4r en trotsig optimism om att f\u00f6rnuftet till sist skall segra. &#8221;Det \u00e4r r\u00e4tt att g\u00f6ra uppror n\u00e4r livet sk\u00e4ndas och f\u00f6rnedras&#8221;, ropar dikterskan fr\u00e5n sin ljuvliga \u00f6landshage med n\u00f6tv\u00e4ckor, skrakhonor, olloborrar, och skimrande spindelv\u00e4var i sensommarljuset.<\/p>\n<p><strong>1993 Bj\u00f6rn Gidstam<\/strong><br \/>\nF\u00f6r att han med sitt konstn\u00e4rskap och sina b\u00f6cker fullf\u00f6ljt en linneansk tradition i v\u00e5r moderna tid. Med k\u00e4nsla, inlevelse och gedigna kunskaper har han skildrat ett sm\u00e5l\u00e4ndskt odlingslandskap med djupa r\u00f6tter i det f\u00f6rflutna, pr\u00e4glat av sm\u00e5skalighet, naturens och m\u00e4nniskans samspel, av timrande tr\u00e4hus, g\u00e4rdsg\u00e5rdar, hagmarker och blomster\u00e4ngar, men hotat av total omvandling.<br \/>\nGidstams framst\u00e4llning i bild och ord \u00e4r en oers\u00e4ttlig dokumentation av detta kulturlandskap. Den f\u00e5ngar in n\u00e5got av det mest genuint sm\u00e5l\u00e4ndska och tj\u00e4nar samtidigt som en varningsklocka med maning till eftertanke och kamp f\u00f6r oers\u00e4ttliga sm\u00e5l\u00e4ndska natur- och kulturv\u00e4rden.<\/p>\n","protected":false},"excerpt":{"rendered":"<p>Carl von Linn\u00e9 Botaniker, vetenskapsman F\u00f6dd 1707 i Stenbrohult, d\u00f6d [&hellip;]<\/p>\n","protected":false},"author":1,"featured_media":0,"parent":0,"menu_order":0,"comment_status":"open","ping_status":"open","template":"","meta":{"footnotes":""},"class_list":["post-257","page","type-page","status-publish","hentry"],"_links":{"self":[{"href":"https:\/\/www.smalandsakademi.se\/index.php?rest_route=\/wp\/v2\/pages\/257","targetHints":{"allow":["GET"]}}],"collection":[{"href":"https:\/\/www.smalandsakademi.se\/index.php?rest_route=\/wp\/v2\/pages"}],"about":[{"href":"https:\/\/www.smalandsakademi.se\/index.php?rest_route=\/wp\/v2\/types\/page"}],"author":[{"embeddable":true,"href":"https:\/\/www.smalandsakademi.se\/index.php?rest_route=\/wp\/v2\/users\/1"}],"replies":[{"embeddable":true,"href":"https:\/\/www.smalandsakademi.se\/index.php?rest_route=%2Fwp%2Fv2%2Fcomments&post=257"}],"version-history":[{"count":38,"href":"https:\/\/www.smalandsakademi.se\/index.php?rest_route=\/wp\/v2\/pages\/257\/revisions"}],"predecessor-version":[{"id":2060,"href":"https:\/\/www.smalandsakademi.se\/index.php?rest_route=\/wp\/v2\/pages\/257\/revisions\/2060"}],"wp:attachment":[{"href":"https:\/\/www.smalandsakademi.se\/index.php?rest_route=%2Fwp%2Fv2%2Fmedia&parent=257"}],"curies":[{"name":"wp","href":"https:\/\/api.w.org\/{rel}","templated":true}]}}