{"id":267,"date":"2010-10-07T14:22:06","date_gmt":"2010-10-07T14:22:06","guid":{"rendered":"http:\/\/www.smalandsakademi.se\/?page_id=267"},"modified":"2025-11-28T07:57:55","modified_gmt":"2025-11-28T07:57:55","slug":"wallquistpriset","status":"publish","type":"page","link":"https:\/\/www.smalandsakademi.se\/?page_id=267","title":{"rendered":"Wallquistpriset"},"content":{"rendered":"<p><strong><a href=\"http:\/\/www.smalandsakademi.se\/wp-content\/uploads\/2010\/10\/wall2.jpg\"><img loading=\"lazy\" decoding=\"async\" class=\"alignright size-thumbnail wp-image-270\" title=\"Olof Wallquist\" src=\"http:\/\/www.smalandsakademi.se\/wp-content\/uploads\/2010\/10\/wall2-149x150.jpg\" alt=\"\" width=\"149\" height=\"150\" srcset=\"https:\/\/www.smalandsakademi.se\/wp-content\/uploads\/2010\/10\/wall2-149x150.jpg 149w, https:\/\/www.smalandsakademi.se\/wp-content\/uploads\/2010\/10\/wall2-40x40.jpg 40w\" sizes=\"auto, (max-width: 149px) 100vw, 149px\" \/><\/a>Olof Wallquist<\/strong><br \/><strong>Biskop, kyrkominister<\/strong><strong><br \/><\/strong><strong>F\u00f6dd 1755,<\/strong><strong><br \/><\/strong><strong>d\u00f6d 1800 i Stockholm<\/strong><br \/>Wallquist utn\u00e4mndes redan vid 28 \u00e5rs \u00e5lder till kyrkoherde i Alseda pastorat. Blev biskop i V\u00e4xj\u00f6 1787 och genomdrev en uppryckning av s\u00e5v\u00e4l den kyrkliga administrationen som skolverksamheten inom stiftet.<br \/>Kulturhistoriskt intresserad samlade han under sin tid i V\u00e4xj\u00f6 in ett stort antal f\u00f6rem\u00e5l, vilka idag ing\u00e5r i Sm\u00e5lands Museums samlingar.<br \/>Wallquist var \u00e4ven ivrig rojalist och kom att bli konung Gustaf III:s f\u00f6rtrogne.<\/p>\n<p><strong>Wallquistpriset &#8211; f\u00f6r f\u00f6rfattarskap och forskning med kyrklig anknytning<\/strong><\/p>\n<p>Prissumman \u00e4r 25.000 kr och kan tilldelas\u00a0personer med anknytning till Sm\u00e5land och\/eller V\u00e4xj\u00f6 stift.\u00a0Medutdelare \u00e4r V\u00e4xj\u00f6 stift.<\/p>\n<p style=\"font-weight: 400;\"><strong>2025 Margareta Andermo <\/strong><em>\u00a0<\/em><\/p>\n<p style=\"font-weight: 400;\">Journalisten Margareta Andermo har ink\u00e4nnande skildrat missionskallelsens kraft. Under Andra v\u00e4rldskriget arbetade hennes f\u00f6r\u00e4ldrar med krigsf\u00e5ngar i Europa, och i det forna belgiska Kongo med utbildning och h\u00e4lsov\u00e5rd. Erfarenheter fr\u00e5n tidiga \u00e5r har satt djupa sp\u00e5r i Andermos f\u00e4ngslande f\u00f6rfattarskap.\u00a0<br \/><a href=\"http:\/\/www.smalandsakademi.se\/wp-content\/uploads\/2025\/11\/Tal-till-Margareta-Andermo.pdf\">Tal till Margareta Andermo<\/a><\/p>\n<p><b>2024 <\/b><strong>Pekka Mellerg\u00e5rd<\/strong><\/p>\n<p>F\u00f6r viktiga bidrag till en samh\u00e4llsanalys ur ett kristet perspektiv, b\u00e5de i tidskriften NOD och i litteratur om varf\u00f6r kristna v\u00e4ljare i USA st\u00f6djer en presidentkandidat d\u00e4r fr\u00e4mlingsfientlighet, klimatskepticism och konspirationsteorier \u00e4r framtr\u00e4dande inslag.<br \/><a href=\"http:\/\/www.smalandsakademi.se\/wp-content\/uploads\/2025\/11\/Tal-till-Pekka-Mellergard.pdf\">Tal till Pekka Mellerga\u030ard<\/a><\/p>\n<p><b>2023 <\/b><strong>Peter Bexell<br \/><\/strong>Inf\u00f6r det nya kan mycket verka otydligt och os\u00e4kert. Detta g\u00e4ller inte minst kyrkans framtid med dess gudstj\u00e4nstliv och kyrkorum.\u00a0Med ett tusen\u00e5rigt perspektiv har Peter Bexell f\u00f6rkovrat sig i, och f\u00f6rmedlat en djup kunskap om, landets kyrkobyggnader, kyrkorum och gudstj\u00e4nstliv.\u00a0Han har p\u00e5 ett framsynt s\u00e4tt bidragit till kyrkans utveckling in i det tjugof\u00f6rsta \u00e5rhundradet.<\/p>\n<p><b>2022 Torgny Wir\u00e9n<br \/><\/b>F\u00f6r en pr\u00e4stg\u00e4rning som gjort avtryck hos ungdomar och vuxna. I sin tj\u00e4nst bland konfirmander, ungdomar och p\u00e5 J\u00f6nk\u00f6pings skolor har \u201dTojje\u201d genom sin \u00f6ppenhet och nyfikna blick gjort skillnad f\u00f6r ett or\u00e4kneligt antal unga m\u00e4nniskor, f\u00f6r deras livsmod och framtidstro. I f\u00f6rkunnelse, gripande ungdomsromaner och livsn\u00e4ra andaktsb\u00f6cker ger han ord \u00e5t m\u00e5ngas livserfarenhet och \u00f6ppnar d\u00f6rrar till ett m\u00f6te med kristen tro.<br \/><em><a href=\"http:\/\/www.smalandsakademi.se\/wp-content\/uploads\/2022\/11\/Tojje.docx\">Tal till Torgny Wir\u00e9n<\/a><\/em><b><\/b><\/p>\n<p><b>2021 Tomas Bostr\u00f6m<\/b><br \/>Den sm\u00e5landsf\u00f6dde musikern och f\u00f6rfattaren Tomas Bostr\u00f6m har i decennier, med sin omfattande och s\u00e4rpr\u00e4glade produktion av betydelseb\u00e4rande text och musik och genom sina framtr\u00e4danden, f\u00f6rnyat och f\u00f6rdjupat den svenska andliga s\u00e5ngskatten. Ett liv vigt \u00e5t kristen musik \u2013 toner och texter som genom honom f\u00e5tt internationell spridning.<\/p>\n<p><strong>2020 Lena Liepe<br \/><\/strong>F\u00f6r sin forskarg\u00e4rning som bearbetar gestaltningar ur en medeltida f\u00f6rest\u00e4llningsv\u00e4rld b\u00e5de noggrant, m\u00e5ngsidigt och id\u00e9rikt. Genom intr\u00e4ngande studier av olika uttryck f\u00f6r nordisk kyrkokonst har Lena Liepe med h\u00f6g trov\u00e4rdighet ocks\u00e5 kunnat belysa de f\u00f6r\u00e4ndrade betydelser och roller denna f\u00e5tt \u00f6ver tid, ocks\u00e5 in i v\u00e5r egen tid.<br \/><em><a href=\"http:\/\/www.smalandsakademi.se\/wp-content\/uploads\/2022\/11\/Tal-till-Lena-Liepe.docx\">Tal till Lena Liepe<\/a><\/em><\/p>\n<p><strong>2019 Isak Svensson<br \/><\/strong>F\u00f6r sin forskning och sitt f\u00f6rfattarskap om den viktiga och omdiskuterade fr\u00e5gan vilken roll religion har i v\u00e4pnade konflikter. Svensson \u2013 med r\u00f6tter i J\u00f6nk\u00f6ping \u2013 \u00e4r idag en av landets fr\u00e4msta freds- och konfliktforskare. <em><a href=\"http:\/\/www.smalandsakademi.se\/wp-content\/uploads\/2020\/05\/Tal-till-Isak-Svensson.docx\">Tal till Isak Svensson<\/a><\/em><\/p>\n<p><strong>2018 Anders Rydell<\/strong><br \/>F\u00f6r att med imponerande kunskap och stort engagemang lyft fram hur nazismen inte bara fysiskt utrotade Europas judar, utan ocks\u00e5 brutalt plundrade en hel kulturtradition.<br \/><em><a href=\"http:\/\/www.smalandsakademi.se\/wp-content\/uploads\/2018\/11\/Tal-till-Anders-Rydell.docx\">Tal till Anders Rydell<\/a><\/em><\/p>\n<p><strong>2017\u00a0Susanne Wigorts Yngvesson<br \/><\/strong>Denna Kalmarb\u00f6rdiga teolog har genom b\u00e5de forskning och frejdigt deltagande i det offentliga samtalet riktat s\u00f6karljuset p\u00e5 etiska fr\u00e5gor i tiden och \u00e4r idag en av landets mest namnkunniga i religionsdebatten.<br \/><em><a href=\"http:\/\/www.smalandsakademi.se\/wp-content\/uploads\/2018\/01\/Tal-till-Susanne-Wigorts-Yngvesson.docx\">Tal till Susanne Wigorts Yngvesson<\/a><\/em><\/p>\n<p><strong>2016 Jan-\u00c5ke Alvarsson<\/strong><br \/>Professor Jan-\u00c5ke Alvarsson tilldelas Wallquistpriset s\u00e5som redakt\u00f6r f\u00f6r Svenskt Frikyrkolexikon och d\u00e5 genom f\u00f6rtrogenhet med svensk och sm\u00e5l\u00e4ndsk frikyrklighet i kombination med professionalism och personligt engagemang bidragit till att Svenskt Frikyrkolexikon blivit mer \u00e4n en ordbok.<br \/><em><a href=\"http:\/\/www.smalandsakademi.se\/wp-content\/uploads\/2010\/10\/Tal-till-professor-Jan-\u00c5ke-Alvarsson.docx\">Tal till Jan-\u00c5ke Alvarsson<\/a><\/em><\/p>\n<p><strong>2015 Karin Malmsten<\/strong><br \/>Med sm\u00e5l\u00e4ndsk klurighet och envishet samt med personligt engagemang och journalistisk integritet har hon f\u00f6rnyat 90-\u00e5rsfirande Sveriges Radios allra \u00e4ldsta program \u2013 gudstj\u00e4nsten.<br \/><em><a href=\"http:\/\/www.smalandsakademi.se\/wp-content\/uploads\/2010\/10\/Tal-till-Karin-Malmsten.docx\">Tal till Karin Malmsten<\/a><\/em><\/p>\n<p><strong>2014 Magnus Hagevi<br \/><\/strong>Med r\u00f6tter f\u00f6rankrade i sm\u00e5l\u00e4ndsk frikyrklighet, med gl\u00e4dje att delta i det offentliga samtalet och med akademisk sk\u00e4rpa har Magnus Hagevi tillf\u00f6rt nya och viktiga perspektiv i det sp\u00e4nningsf\u00e4lt som r\u00e5der mellan religion och politik.\u00a0<em><a href=\"http:\/\/www.smalandsakademi.se\/wp-content\/uploads\/2010\/10\/Tal-till-Magnus-Hagevi.docx\" target=\"_blank\" rel=\"noopener\">Tal till Magnus Hagevi<\/a><\/em><\/p>\n<p><strong>2013\u00a0Leif Carlsson<br \/><\/strong>Carlsson \u00e4r\u00a0lektor i religionsvetenskap vid J\u00f6nk\u00f6pings h\u00f6gskola och har\u00a0som uppskattad f\u00f6rfattare och f\u00f6redragsh\u00e5llare populariserat och problematiserat \u2013 ibland p\u00e5 provokativt s\u00e4tt \u2013 fr\u00e5gor som r\u00f6r m\u00e4nniskan och Gud. Leif Carlsson, som ocks\u00e5 \u00e4r frikyrkopastor, har en l\u00e5ng rad b\u00f6cker bakom sig \u2013 senast har han i\u00a0<i>Det f\u00f6rkastade judefolket<\/i>\u00a0granskat f\u00f6rekomsten av antisemitism i svenska l\u00e4romedel<i>.\u00a0<a href=\"http:\/\/www.smalandsakademi.se\/wp-content\/uploads\/2010\/10\/Tal-till-leif-Carlsson-Kom-fram.docx\" target=\"_blank\" rel=\"noopener\">Tal till Leif Carlsson<\/a><\/i><\/p>\n<p><strong>2012 Marie Eriksson<\/strong><br \/>Hennes avhandling <em>Makar emellan. \u00c4ktenskaplig oenighet och v\u00e5ld p\u00e5 kyrkliga och politiska arenor, 1810-1880<\/em> \u00e4r nyskapande med en v\u00e4l genomarbetad metod- och teoridiskussion, men bygger ocks\u00e5 p\u00e5 ett gediget hantverk och en f\u00f6rm\u00e5ga att analysera och st\u00e4lla fr\u00e5gor till ett intressant och oftast f\u00f6rbisett k\u00e4llmaterial: domkapitlets protokoll och handlingar.<\/p>\n<p><strong>2011 Peter Hultsberg<br \/><\/strong>Han f\u00e5r priset fr\u00e4mst f\u00f6r sin avhandling om poeten Lennart Sj\u00f6gren, d\u00e4r han visar hur denne oavh\u00e4ngig av ljusa kristna traditioner kring under och uppst\u00e5ndelse finner samtal om liv och d\u00f6d ofr\u00e5nkomliga. I boken utmejslas en diktarspaning som \u00f6ppnar nya djup och vidder utan att ge dogmatiska eller f\u00e4rdiga svar.<\/p>\n<p><strong>2010 Anita Liepe<br \/><span style=\"font-weight: normal;\">Anita Liepe har spelat en avg\u00f6rande roll f\u00f6r bevarandet av kyrkobyggnadernas kulturarv i Sm\u00e5land med kunskap om och k\u00e4nsla f\u00f6r kyrkobygg-nadernas betydelse f\u00f6r f\u00f6rsamlingarnas och enskilda m\u00e4nniskors andliga liv. Hon \u00e4r dessutom f\u00f6rfattare till boken V\u00e4xj\u00f6 domkyrka i nutid och historia som dokumenterar kyrkans historia till och med restaureringen 1995 och den moderna sm\u00e5l\u00e4ndska glaskonsten, som tillkom i kyrkan d\u00e5 och i b\u00f6rjan av 2000-talet. Denna kyrkobeskrivning \u00e4r unik i sitt slag genom att den tar sin utg\u00e5ngspunkt i kyrkans bruk under ett kyrko\u00e5r. Beskrivningen av kyrkans historia, arkitektur och konst g\u00f6rs utifr\u00e5n kyrkans anv\u00e4ndning och liv.<\/span> <\/strong><\/p>\n<p><strong>2009 Ola Salo<\/strong><strong><br \/><\/strong>Ola Salo har genom sin spr\u00e5kliga tolkning och musikaliska och sceniska framst\u00e4llning av musikalen Jesus Christ Superstar, med sm\u00e5l\u00e4ndsk fromhet som grund och dagsf\u00e4rskt idiom som uttrycksmedel, gjort passionshistorien tillg\u00e4nglig och ber\u00f6rande f\u00f6r m\u00e4nniskor, inte minst unga, i 2000-talets Sverige.<\/p>\n<p><strong>2008 Ulrik Josefsson<\/strong><br \/>F\u00f6r en bred engagerad och engagerande skildring av den svenska Pingstr\u00f6relsens begynnelse, dess gudsl\u00e4ngtan och iver b\u00e5de att n\u00e5 medm\u00e4nniskor och att p\u00e5verka samh\u00e4llet. Hans doktorsavhandling ger ett s\u00e4llsamt bidrag till v\u00e5rt lands och inte minst v\u00e5rt eget landskaps kulturhistoria.<\/p>\n<p><strong>2007 Owe Samuelsson<\/strong><strong><br \/><\/strong>F\u00f6r engagerade, tr\u00e4gna och v\u00e4rdefulla forskningsinsatser om 1800-talets v\u00e4ckelser\u00f6relser i V\u00e4xj\u00f6 stift och angr\u00e4nsande landskap.<\/p>\n<p><strong>2006 Marianna Agetorp<\/strong><br \/>Hon \u00e4r tr\u00e4dg\u00e5rdsapostel, f\u00f6rfattare och brobyggare med teologisk lust och kunskap. Med sitt m\u00e5ngsidiga engagemang har hon blivit en viktig sm\u00e5l\u00e4ndsk kulturpersonlighet. De landskap hon skapar och gestaltar lever i natur, samh\u00e4lle och lyriska v\u00e4rldar. De f\u00f6rmedlas i tr\u00e4dg\u00e5rdar, utbildningar, utst\u00e4llningar, installationer och diktverk som \u00e4r kraftbringande i sin sk\u00f6nhet och n\u00e4rhet till m\u00f6rkret i tillvaron. Hennes f\u00f6rfattarskap rymmer bland annat lokal kyrkohistoria och en viktig b\u00f6nbok som spreds inom flera stift i Svenska kyrkan efter tsunamin och stormen Gudrun.<\/p>\n<p><strong>2005 Bo Brander<\/strong><br \/>I sin f\u00f6rkunnelse men\u00a0framf\u00f6rallt genom doktorsavhandlingen M\u00e4nniskan och den ekologiska v\u00e4ven har han\u00a0utf\u00f6rt ett f\u00f6r svenska f\u00f6rh\u00e5llanden unikt\u00a0arbete med att\u00a0dels beskriva skillnaderna\u00a0mellan v\u00e4sterl\u00e4ndsk f\u00f6rvaltarskapsteologi och de \u00f6stliga kyrkornas mikrokosmostanke,\u00a0dels\u00a0visa hur dessa b\u00e4gge syns\u00e4tt kan och b\u00f6r\u00a0f\u00e5\u00a0komplettera varandra i ambitionen att f\u00f6rdjupa och st\u00e4rka kyrkans skapelsesyn och vardagsn\u00e4ra engagemang f\u00f6r milj\u00f6n och en h\u00e5llbar utveckling, lokalt och globalt.<\/p>\n<p><strong>2004 Anna Maria Claesson<\/strong><strong><br \/><\/strong>N\u00e4r det lokala och globala sammanhanget g\u00e5r i varandra blir vi glokala. Anna Maria Claesson, J\u00f6nk\u00f6pings l\u00e4ns museum, har i sin bok Kinesernas v\u00e4nner, en analys av missionens ber\u00e4ttelse som ideologi och utopi, p\u00e5 ett samtidigt levande och teoretiskt reflekterat s\u00e4tt visat hur det globala och lokala ber\u00f6rde varandra och enskilda sm\u00e5l\u00e4nningar redan p\u00e5 1800-talet genom engagemanget i kinamissionen.<\/p>\n<p><strong>2003 Lars Ald\u00e9n<\/strong><strong><br \/><\/strong>F\u00f6r inspirerande, drivande och fruktb\u00e4rande insatser i ledningen f\u00f6r V\u00e4xj\u00f6 stiftshistoriska s\u00e4llskap alltsedan dess tillkomst f\u00f6r tjugofem \u00e5r sedan.<br \/><strong><br \/><\/strong><\/p>\n<p><strong>2002 Antoon Geels<\/strong><br \/>F\u00f6r bred f\u00f6rnyelse av j\u00e4mf\u00f6rande forskning om den v\u00e4sterl\u00e4ndska mystikens psykologi samt f\u00f6r \u00e5rets originella bok Berusad av Gud, d\u00e4r l\u00e4saren under en fascinerande resa i rum och tid inbjuds lyssna till fiktiva samtal mellan judiska, kristna och islamiska mystiker &#8211; i ett samr\u00e5d \u00f6ppnande nya perspektiv p\u00e5 m\u00e4nniskans andliga s\u00f6kande.<\/p>\n<p><strong>2001 Bj\u00f6rn Ulvaeus<br \/><\/strong>Genom Kristina fr\u00e5n Duvem\u00e5la har han gjort utvandrareposet till en omedelbar livsresa, levt sig in i Guds n\u00e4rvaro och fr\u00e5nvaro, k\u00e4rlek, kraft och djupaste sorg.<\/p>\n<p><strong>2000 Karin Sporre<\/strong><strong><br \/><\/strong>F\u00f6r doktorsavhandlingen <em>F\u00f6rst n\u00e4r vi f\u00e5r ansikten &#8211; ett flerkulturellt samtal om feminism, etik och teologi.<\/em><\/p>\n<p><strong>2000 Christian Braw<\/strong><strong><br \/><\/strong>I anslutning till 200-\u00e5rsminnet av biskop Olof Wallquists d\u00f6d f\u00f6r en intressev\u00e4ckande, dj\u00e4rv f\u00f6rnyelse av svensk lutherforskning i boken <em>Mystikens arv hos Martin Luther.<\/em><\/p>\n<p><strong>1999 Olle Larsson<\/strong><br \/>F\u00f6r dels doktorsavhandlingen &#8221;Biskopen visiterar&#8221;, som \u00e4r det f\u00f6rsta st\u00f6rre arbete p\u00e5 svenska som behandlar de kyrkliga visitationerna under 1600- och 1700-talen, och dels f\u00f6r hans tv\u00e4rvetenskapliga s\u00e4tt att som forskare bryta ny mark bl a med olika framtidsinriktade hj\u00e4lpmedel.<\/p>\n<p><strong>1998 Magnus Gustafsson<\/strong><br \/>F\u00f6r forskning och levandeg\u00f6rande av sm\u00e5l\u00e4ndsk folkmusik och en \u00e4ldre musikskatt fr\u00e5n V\u00e4xj\u00f6 domkyrka och gymnasium.<\/p>\n<p><strong>1997 Oloph Bexell<\/strong><br \/>F\u00f6r en omfattande personhistorisk forskning med stort inslag av m\u00f6ten mellan id\u00e9er och m\u00e4nniskor och f\u00f6r sina lysande minnesanteckningar vid pr\u00e4stm\u00f6ten i V\u00e4xj\u00f6 1990 och 1996.<\/p>\n<p><strong>1996 Margareta Melin<\/strong><br \/>F\u00f6r andlig visa och psalm, f\u00f6r den s\u00e4llsynta och s\u00e4llsamma f\u00f6rm\u00e5gan att tala och sjunga med sm\u00e5 p\u00e5 s\u00e5dant vis att stora och ibland inte alltf\u00f6r kloka vill st\u00e4mma in i gl\u00e4dje och f\u00f6rundran &#8211; och f\u00f6r l\u00e5gm\u00e4lt finst\u00e4md lyrik som f\u00e5r oss att besinna att k\u00e4rleken \u00e4r ett evighetens barn i tiden.<\/p>\n<p><strong>1995 Anne-Marie Thunberg<\/strong><br \/>F\u00f6r ett f\u00f6rfattarskap och en levnadsg\u00e4rning samlade kring de stora livsfr\u00e5gorna och pr\u00e4glade av en l\u00e5gm\u00e4ld, aldrig sviktande etisk envishet och ett stillsamt, aldrig vikande hopp om m\u00e4nniskorna och framtiden.<\/p>\n<p><strong>1994 Bertil Nilsson<\/strong><br \/>F\u00f6r ett gr\u00e4ns\u00f6verskridande vetenskapligt f\u00f6rfattarskap som med sm\u00e5l\u00e4ndsk anknytning l\u00e5ter det medeltida Europa och Norden m\u00f6tas i intr\u00e4ngande analyser av kanonisk r\u00e4tt och nordiska lagar, hedniskt och kristet, kvinnligt och manligt och &#8211; alldeles s\u00e4rskilt &#8211; d\u00f6dens och det eviga livets gestaltning i kyrkans liturgi och rum.<\/p>\n<p><strong>1993 G\u00f6ran \u00c5berg<\/strong><br \/>\u00c5berg har under sin tid som docent, lektor och f\u00f6rfattare p\u00e5 ett genuint och kreativt s\u00e4tt fullf\u00f6ljt de l\u00e4rda traditionerna i V\u00e4xj\u00f6 stift med n\u00e4ra f\u00f6rbindelser och fruktb\u00e4rande samverkan mellan stiftet, akademin och kyrkan. I sitt f\u00f6rfattarskap speglar han v\u00e4sentliga delar av stiftets tradition, fr\u00e4mst med anknytning till J\u00f6nk\u00f6pingstrakten. Genom akademiska unders\u00f6kningar, popul\u00e4rvetenskap och ess\u00e4istik har han berikat v\u00e5rt vetande och populariserat viktiga str\u00f6mningar och skeenden i kyrka och skola.<\/p>\n\n\n<p><\/p>\n","protected":false},"excerpt":{"rendered":"<p>Olof WallquistBiskop, kyrkoministerF\u00f6dd 1755,d\u00f6d 1800 i StockholmWallquist utn\u00e4mndes redan vid [&hellip;]<\/p>\n","protected":false},"author":1,"featured_media":0,"parent":0,"menu_order":0,"comment_status":"open","ping_status":"open","template":"","meta":{"footnotes":""},"class_list":["post-267","page","type-page","status-publish","hentry"],"_links":{"self":[{"href":"https:\/\/www.smalandsakademi.se\/index.php?rest_route=\/wp\/v2\/pages\/267","targetHints":{"allow":["GET"]}}],"collection":[{"href":"https:\/\/www.smalandsakademi.se\/index.php?rest_route=\/wp\/v2\/pages"}],"about":[{"href":"https:\/\/www.smalandsakademi.se\/index.php?rest_route=\/wp\/v2\/types\/page"}],"author":[{"embeddable":true,"href":"https:\/\/www.smalandsakademi.se\/index.php?rest_route=\/wp\/v2\/users\/1"}],"replies":[{"embeddable":true,"href":"https:\/\/www.smalandsakademi.se\/index.php?rest_route=%2Fwp%2Fv2%2Fcomments&post=267"}],"version-history":[{"count":35,"href":"https:\/\/www.smalandsakademi.se\/index.php?rest_route=\/wp\/v2\/pages\/267\/revisions"}],"predecessor-version":[{"id":2086,"href":"https:\/\/www.smalandsakademi.se\/index.php?rest_route=\/wp\/v2\/pages\/267\/revisions\/2086"}],"wp:attachment":[{"href":"https:\/\/www.smalandsakademi.se\/index.php?rest_route=%2Fwp%2Fv2%2Fmedia&parent=267"}],"curies":[{"name":"wp","href":"https:\/\/api.w.org\/{rel}","templated":true}]}}