{"id":326,"date":"2010-11-03T01:25:48","date_gmt":"2010-11-03T01:25:48","guid":{"rendered":"http:\/\/www.smalandsakademi.se\/?page_id=326"},"modified":"2021-05-31T08:59:40","modified_gmt":"2021-05-31T08:59:40","slug":"dag-hammarskjoldspriset","status":"publish","type":"page","link":"https:\/\/www.smalandsakademi.se\/?page_id=326","title":{"rendered":"Dag Hammarskj\u00f6ldspriset"},"content":{"rendered":"<p>Dag Hammarskj\u00f6ld f\u00f6ddes i J\u00f6nk\u00f6ping 1905. Han var son till d\u00e5varande hovr\u00e4ttspresidenten senare statsministern Hjalmar Hammarskj\u00f6ld.<br \/>\nDag Hammarski\u00f6ld eftertr\u00e4dde norrmannen Tryggve Lie som FN:s generalsekreterare 1953. Som s\u00e5dan lyckades han, genom skicklig diplomatisk ledning och medling, l\u00f6sa en rad internationella och nationella kriser under det &#8221;kalla krigets&#8221; tid.<br \/>\nDag Hammarskj\u00f6ld omkom vid en flygkrasch i Kongo 1961 p\u00e5 v\u00e4g till ett FN-uppdrag som medlare i konflikten mellan Kongo och utbrytarprovinsen Katanga.<br \/>\nHammarskj\u00f6ld var \u00e4ven verksam som lyriker. Diktsamlingen V\u00e4gm\u00e4rken utgavs postumt 1963.<\/p>\n<p><strong>SM\u00c5LANDS AKADEMIS PRIS TILL DAG HAMMARSKJ\u00d6LDS MINNE<\/strong><\/p>\n<p>Prissumman \u00e4r 25.000 kr. Priset har m\u00f6jliggjorts genom en donation av grosshandlaren ekon dr hc Erik Malmsten. Pristagaren v\u00e4ljes inom de vida verksamhetsf\u00e4lt som har f\u00f6rbindelse med Dag Hammarskj\u00f6lds g\u00e4rning. Pristagare kan yrkesm\u00e4ssigt eller ideellt ha arbetat f\u00f6r att fr\u00e4mja fred, f\u00f6rst\u00e5else, samverkan, \u00e4gnat sig \u00e5t hj\u00e4lpverksamhet av skilda slag, fredsforskning, diplomati eller framsynt ledarskap. S\u00e5v\u00e4l insatser inom som utanf\u00f6r Sverige kan komma ifr\u00e5ga. Vid val av pristagare kan den tro och det kallelsemedvetande som pr\u00e4glade Dag Hammarskj\u00f6ld vara av betydelse. Vid val av pristagare skall Akademin i f\u00f6rsta rummet pr\u00f6va kandidater bosatta i Sm\u00e5land eller med sm\u00e5l\u00e4ndsk h\u00e4rkomst. Det st\u00e5r dock Akademin fritt att bel\u00f6na personer \u00e4ven utan denna anknytning.<\/p>\n<p><strong>2018 Staffan de Mistura<\/strong><br \/>\nF\u00f6r en obruten tilltro till de personliga m\u00f6tena och samtalen under n\u00e5gra av samtidens sv\u00e5raste och mest om\u00e4nskliga konflikter.<br \/>\n<em><a href=\"http:\/\/www.smalandsakademi.se\/wp-content\/uploads\/2021\/02\/Tal-Hammarskjoldpriset-2018.docx\">Tal till Staffan de Mistura<\/a><\/em><\/p>\n<p><strong>2017\u00a0Nathan Shachar<\/strong><br \/>\nF\u00f6r ett h\u00e4ngivet journalistiskt arbete, som faktabaserat, v\u00e4lformulerat och engagerat under \u00e5rtionden l\u00e4mnat initierade rapporter fr\u00e5n Latinamerika, Mellan\u00f6stern, Spanien och Turkiet och som d\u00e4rigenom har givit l\u00e4sarna m\u00f6jlighet att dra slutsatser, inse sammanhang och f\u00f6rst\u00e5 verkligheten.<br \/>\n<a href=\"http:\/\/www.smalandsakademi.se\/wp-content\/uploads\/2021\/02\/Tal-Hammarskjoldpriset-2017.docx\">Tal till Nathan Shachar<\/a><\/p>\n<p><strong>2016 Stig Fredrikson\u00a0<\/strong><br \/>\nAnebyb\u00f6rdige Stig Fredrikson har ett l\u00e5ngt f\u00f6rflutet som utrikesjournalist, bland annat f\u00f6r Sveriges Television. I Dag Hammarskj\u00f6lds anda har han visat prov p\u00e5 stort civilkurage d\u00e5 han agerade hemlig kurir \u00e5t Nobelpristagaren Alexander Solzjenitsyn som d\u00e4rigenom fr\u00e5n Sovjetunionen kunde kommunicera med v\u00e4st.<\/p>\n<p><em><a href=\"http:\/\/www.smalandsakademi.se\/wp-content\/uploads\/2016\/11\/Stig-Fredriksson.docx\">Tal av Stig Fredriksson<\/a><\/em><\/p>\n<p><strong>2015 KG Hammar<br \/>\n<\/strong>Med sin \u00f6ppenhet i trosfr\u00e5gor och sitt engagemang mot vapenexport liksom arbete med fredsfr\u00e5gan inom Kyrkornas V\u00e4rldsr\u00e5d har han verkat i Hammarskj\u00f6lds anda. Till detta kommer f\u00f6rfattande om den f\u00f6rre generalsekretaren och initiativ till att bringa klarhet om hans d\u00f6d.\u00a0<a href=\"http:\/\/www.smalandsakademi.se\/wp-content\/uploads\/2010\/11\/Tal-till-KG-Hammar.pdf\"><em>Tal till KG Hammar<\/em><br \/>\n<\/a><em><a href=\"http:\/\/www.smalandsakademi.se\/wp-content\/uploads\/2010\/11\/Anf\u00f6rande-KG-Hammar.pdf\">Anf\u00f6rande KG Hammar<\/a><\/em><a href=\"http:\/\/www.smalandsakademi.se\/wp-content\/uploads\/2010\/11\/Tal-till-KG-Hammar.pdf\"><br \/>\n<\/a><\/p>\n<p><strong>2014 Cecilia Malmstr\u00f6m<br \/>\n<\/strong>F\u00f6r att genom ett engagerat och h\u00e4ngivet arbete i m\u00e4nsklighetens tj\u00e4nst, ha sett den enskilda personen bakom siffror och nyhetstelegram.<br \/>\n<strong><a href=\"http:\/\/trade.ec.europa.eu\/doclib\/docs\/2014\/november\/tradoc_152903.pdf\" target=\"_blank\" rel=\"noopener noreferrer\">Anf\u00f6rande<\/a><\/strong>\u00a0av EU-kommission\u00e4r Cecilia Malmstr\u00f6m<\/p>\n<p><strong>2013\u00a0Cecilia Udd\u00e9n<\/strong><br \/>\nUdd\u00e9n \u00e4r verksam som reporter och programledare vid Sveriges Radio. Under sin m\u00e5ng\u00e5riga g\u00e4rning som utrikeskorrespon-dent i framf\u00f6r allt Mellan\u00f6stern har hon l\u00e4mnat \u00e5tskilliga direktrapporter fr\u00e5n orosh\u00e4rdarna d\u00e4r. Hon har en enast\u00e5ende f\u00f6rm\u00e5ga att ber\u00e4tta levande och engagerat utifr\u00e5n ett tydligt subjekt och l\u00e4mnar m\u00e5lande \u00f6gonvittnesskildringar. Genom sin verksamhet har Cecilia Udd\u00e9n gett prov p\u00e5 stort civilkurage och s\u00e4ger ofta s\u00e5dant som inte \u00e4r opportunistiskt. Hennes engagerade och ofta riskfyllda insatser g\u00f6r henne till en v\u00e4rdig mottagare av priset till Dag Hammarskj\u00f6lds minne.\u00a0<a href=\"http:\/\/www.smalandsakademi.se\/wp-content\/uploads\/2015\/02\/Tal-till-Cecilia-Udd\u00e9n.pdf\">Tal till Cecilia Udd\u00e9n<\/a><\/p>\n<p><strong>2012 Inga-Britt Ahlenius<\/strong><br \/>\nAhlenius har genom sitt civilkurage givit den goda byr\u00e5kratin ett ansikte. V\u00e4rlden lider av korruption, nepotism, ineffektivitet och lagl\u00f6shet. Ahlenius har i h\u00f6gsta grad bidragit till att motverka dessa f\u00f6reteelser i Sverige, i Europa och i v\u00e4rlden.<\/p>\n<p><strong>2011 Margot Wallstr\u00f6m<br \/>\n<\/strong>P\u00e5 ett engagerat s\u00e4tt har hon gripit sig an sina ansvarsfulla uppgifter, inte minst den nu aktuella att som FN:s generalsekreterares s\u00e4rskilda representant bevaka kvinnors utsatta situation i krig och andra konflikter. Hon utf\u00f6r d\u00e4rigenom ett arbete i Hammarskj\u00f6lds anda och ett globalt perspektiv.<\/p>\n<p><strong>2010 Kulturarv utan gr\u00e4nser<br \/>\n<\/strong>F\u00f6r fr\u00e4mjandet av m\u00e4nsklighetens kulturella arv genom insatser f\u00f6r restaureringen av kulturminnen i forna Jugoslavien. Genom sitt arbete har Kulturarv utan gr\u00e4nser visat att arbete med att bevara och utveckla kulturmilj\u00f6er kan fr\u00e4mja f\u00f6rsoningsarbete och st\u00e4rka m\u00e4nniskors stolthet och identitet. Kulturarvsfr\u00e5gorna har sin givna plats i utvecklandet av stater byggda p\u00e5 fred och m\u00e4nskliga r\u00e4ttigheter.<\/p>\n<p><strong>2009 Jan Eliasson<\/strong><strong><br \/>\n<\/strong>Jan Eliasson har en l\u00e5ng och gedigen karri\u00e4r som diplomat bakom sig, bland annat med flera viktiga uppdrag f\u00f6r FN, inte minst som ordf\u00f6rande f\u00f6r FN:s Generalf\u00f6rsamling. Genom sitt internationella engagemang f\u00f6r fred, utveckling och m\u00e4nskliga r\u00e4ttigheter har Jan Eliasson verkat i samma anda som Dag Hammarskj\u00f6ld, f\u00f6r humanitet, medm\u00e4nsklighet och internationellt samarbete.<\/p>\n<p><strong>2008 Thomas Hammarberg<\/strong><br \/>\nHans liv har pr\u00e4glats av engagemang, humanitet i ordets vidaste bem\u00e4rkelse: skydd f\u00f6r m\u00e4nskliga r\u00e4ttigheter, st\u00f6d till flyktingar, barn och vuxna. \u201dV\u00e4gen till helgelse sker i v\u00e5r tid genom handling\u201d skrev Hammarskj\u00f6ld.<\/p>\n<p><strong>2007 Kjell Albin Abrahamson<\/strong><strong><br \/>\n<\/strong>Genom b\u00f6cker, radioprogram och har han gett oss svenskar inblick i och kunskap om det tidigare s\u00e5 slutna Central- och \u00d6steuropa. Han har med sin bildning och entusiasmerande ber\u00e4ttarkonst och med sina stora och ibland med humor och ironi framlagda analyser synliggjort det som tidigare var slutet, gr\u00e5tt och ok\u00e4nt. D\u00e4rigenom har han ocks\u00e5 gjort det \u00f6ppet, begripligt och f\u00e4rgrikt f\u00f6r oss. Han har genom sina insatser i Dag Hammarskj\u00f6lds anda fr\u00e4mjat f\u00f6rst\u00e5else, samverkan och fred.<\/p>\n<p><strong>2006 Maciej Zaremba<\/strong><br \/>\nHans vassa men eleganta penna utmanar traditionella maktcentra i avsl\u00f6jandet av maktmissbruk och \u00f6vergrepp mot utsatta m\u00e4nniskor. Han har blivit en av r\u00e4ttsstatens fr\u00e4mste f\u00f6rsvarare och f\u00e5r oss svenskar att f\u00f6rst\u00e5 v\u00e5rt eget samh\u00e4lle d\u00e4r mots\u00e4gelser och hyckleri kan f\u00f6rvandla avsedd godhet till f\u00f6rtryck.<\/p>\n<p><strong>2005 Mats Svegfors<\/strong><br \/>\nF\u00f6r hans klarg\u00f6rande av hur Dag Hammarskj\u00f6ld i sin g\u00e4rning bars av en kristen \u00f6vertygelse, och f\u00f6r hans insatser att, bland annat genom den i \u00e5r utgivna biografin om Dag Hammarskj\u00f6ld, visa p\u00e5 den kraft som en st\u00e4ndigt n\u00e4rvarande etisk och religi\u00f6s v\u00e4rdeskala kan sk\u00e4nka m\u00e4nniskan.<\/p>\n<p><strong>2004 Cordelia Edvardson<\/strong><\/p>\n<p>F\u00f6r ett f\u00f6rfattarskap och en journalistik med starkt personligt engagemang som givit en m\u00e5ngsidig belysning av konflikten mellan israeler och palestinier och f\u00f6rmedlat en medk\u00e4nnande f\u00f6rst\u00e5else f\u00f6r dramats m\u00e4nskliga tragik och anvisat v\u00e4gar mot en m\u00f6jlig f\u00f6rsoning.<\/p>\n<p><strong>2003<\/strong> <strong> Hans Blix<\/strong><\/p>\n<p>Blix har under en l\u00e5ng f\u00f6ljd av \u00e5r, som utrikesminister, statssekreterare och chef f\u00f6r det internationella k\u00e4rnkraftsorganet IAEA, verkat f\u00f6r fred, r\u00e4ttvisa och internationell s\u00e4kerhet. I dag f\u00e5r han priset fr\u00e4mst f\u00f6r insatsen som chef f\u00f6r F\u00f6renta Nationernas unders\u00f6kningskommission i Irak. Han har h\u00e4r i Dag Hammarskj\u00f6lds anda med fasthet, t\u00e5lamod och gott omd\u00f6me arbetat f\u00f6r att klarl\u00e4gga fakta i en stor, av hela v\u00e4rldssamfundet, omdiskuterad fr\u00e5ga. Hans objektivitet har kr\u00e4vt lika mycket styrka som or\u00e4ddhet. F\u00f6r Sm\u00e5lands Akademi har det varit naturligt att bel\u00f6na denna sv\u00e5ra och historiskt betydelsefulla insats.<\/p>\n<p><strong>2002 Ingmar Karlsson<\/strong><\/p>\n<p>Ingmar Karlsson har under en f\u00f6ljd av \u00e5r, samtidigt som han innehaft ansvarsfulla tj\u00e4nster i UD, publicerat en l\u00e5ng f\u00f6ljd av b\u00f6cker d\u00e4r han s\u00e4rskilt tagit upp relationen mellan religion och politik ur olika perspektiv. Det har f\u00f6r honom g\u00e4llt att f\u00f6rklara inneb\u00f6rden i exempelvis skilda islamska riktningar och deras sociala konsekvenser, p\u00e5peka v\u00e4stv\u00e4rldens syn p\u00e5 fr\u00e4mmande kulturer och samtidigt antyda en v\u00e4g till utj\u00e4mnande av latenta eller uppenbara mots\u00e4ttningar. Hans unders\u00f6kningar har m\u00e5nga g\u00e5nger varit obekv\u00e4ma f\u00f6r makthavarna. Karlsson har vid olika tidpunkter kunnat p\u00e5visa fel i svenska myndigheters bed\u00f6mning av s\u00e5 kallade asylfall. Sk\u00e4l f\u00f6r asyl har funnits d\u00e4r myndigheterna avslagit en beg\u00e4ran, och i l\u00e5ngt flera fall har de svenska makthavarna, enligt Karlssons kunniga och sakliga analyser, utan giltig anledning beviljat asyl.<\/p>\n","protected":false},"excerpt":{"rendered":"<p>Dag Hammarskj\u00f6ld f\u00f6ddes i J\u00f6nk\u00f6ping 1905. Han var son till [&hellip;]<\/p>\n","protected":false},"author":1,"featured_media":173,"parent":0,"menu_order":0,"comment_status":"open","ping_status":"open","template":"","meta":{"footnotes":""},"class_list":["post-326","page","type-page","status-publish","has-post-thumbnail","hentry"],"_links":{"self":[{"href":"https:\/\/www.smalandsakademi.se\/index.php?rest_route=\/wp\/v2\/pages\/326","targetHints":{"allow":["GET"]}}],"collection":[{"href":"https:\/\/www.smalandsakademi.se\/index.php?rest_route=\/wp\/v2\/pages"}],"about":[{"href":"https:\/\/www.smalandsakademi.se\/index.php?rest_route=\/wp\/v2\/types\/page"}],"author":[{"embeddable":true,"href":"https:\/\/www.smalandsakademi.se\/index.php?rest_route=\/wp\/v2\/users\/1"}],"replies":[{"embeddable":true,"href":"https:\/\/www.smalandsakademi.se\/index.php?rest_route=%2Fwp%2Fv2%2Fcomments&post=326"}],"version-history":[{"count":27,"href":"https:\/\/www.smalandsakademi.se\/index.php?rest_route=\/wp\/v2\/pages\/326\/revisions"}],"predecessor-version":[{"id":1468,"href":"https:\/\/www.smalandsakademi.se\/index.php?rest_route=\/wp\/v2\/pages\/326\/revisions\/1468"}],"wp:featuredmedia":[{"embeddable":true,"href":"https:\/\/www.smalandsakademi.se\/index.php?rest_route=\/wp\/v2\/media\/173"}],"wp:attachment":[{"href":"https:\/\/www.smalandsakademi.se\/index.php?rest_route=%2Fwp%2Fv2%2Fmedia&parent=326"}],"curies":[{"name":"wp","href":"https:\/\/api.w.org\/{rel}","templated":true}]}}