{"id":4,"date":"2010-09-19T17:02:53","date_gmt":"2010-09-19T17:02:53","guid":{"rendered":"http:\/\/www.smalandsakademi.se\/?page_id=4"},"modified":"2024-07-30T09:13:25","modified_gmt":"2024-07-30T09:13:25","slug":"hem","status":"publish","type":"page","link":"https:\/\/www.smalandsakademi.se\/","title":{"rendered":"Om oss"},"content":{"rendered":"<p><a href=\"http:\/\/www.smalandsakademi.se\/wp-content\/uploads\/2023\/11\/IMG_0002-scaled.jpeg\"><img loading=\"lazy\" decoding=\"async\" class=\"size-medium wp-image-1792\" src=\"http:\/\/www.smalandsakademi.se\/wp-content\/uploads\/2023\/11\/IMG_0002-204x300.jpeg\" alt=\"\" width=\"204\" height=\"300\" srcset=\"https:\/\/www.smalandsakademi.se\/wp-content\/uploads\/2023\/11\/IMG_0002-204x300.jpeg 204w, https:\/\/www.smalandsakademi.se\/wp-content\/uploads\/2023\/11\/IMG_0002-695x1024.jpeg 695w, https:\/\/www.smalandsakademi.se\/wp-content\/uploads\/2023\/11\/IMG_0002-768x1131.jpeg 768w, https:\/\/www.smalandsakademi.se\/wp-content\/uploads\/2023\/11\/IMG_0002-1043x1536.jpeg 1043w, https:\/\/www.smalandsakademi.se\/wp-content\/uploads\/2023\/11\/IMG_0002-1391x2048.jpeg 1391w, https:\/\/www.smalandsakademi.se\/wp-content\/uploads\/2023\/11\/IMG_0002-scaled.jpeg 1739w\" sizes=\"auto, (max-width: 204px) 100vw, 204px\" \/><\/a><\/p>\n<p>Sm\u00e5lands Akademi har som syfte att sprida glans och ljus \u00f6ver den sm\u00e5l\u00e4ndska vitterheten samt att fr\u00e4mja en sm\u00e5l\u00e4ndsk identitet.<\/p>\n<p>Akademin, grundad 1993 av biskop Jan Arvid Hellstr\u00f6m, professor Lars-Olof Larsson och fil. dr h. c. Stig Tornehed, har sin h\u00f6gtidssammankomst i n\u00e4ra anslutning till skaldebiskopen Esaias Tegn\u00e9rs f\u00f6delsedag den 13 november, d\u00e5 priser och bel\u00f6ningar utdelas f\u00f6r insatser i akademiens anda. En historik \u00f6ver de f\u00f6rsta 30 \u00e5ren finns nu att fritt ta del av: <em><a href=\"http:\/\/www.smalandsakademi.se\/wp-content\/uploads\/2023\/11\/smakhistorik_18.pdf\">Historik 1993-2023<\/a><\/em>.<\/p>\n<p>Sedan 2018 har Sm\u00e5landsakademin en \u00f6ppen nomineringsprocessen till de olika priserna. Motiverade nomineringar g\u00f6rs till akademins sekreterare.<\/p>\n<h6><span style=\"line-height: 1.5;\">Uppdaterad 30 juli 2024.<\/span><\/h6>\n<div id=\"attachment_295\" style=\"width: 600px\" class=\"wp-caption aligncenter\"><a href=\"http:\/\/www.smalandsakademi.se\/wp-content\/uploads\/2010\/10\/DSCF3018.jpg\"><img loading=\"lazy\" decoding=\"async\" aria-describedby=\"caption-attachment-295\" class=\"size-large wp-image-295\" title=\"Linn\u00e9s R\u00e5shult\" src=\"http:\/\/www.smalandsakademi.se\/wp-content\/uploads\/2010\/10\/DSCF3018-1024x768.jpg\" alt=\"\" width=\"590\" height=\"442\" srcset=\"https:\/\/www.smalandsakademi.se\/wp-content\/uploads\/2010\/10\/DSCF3018-1024x768.jpg 1024w, https:\/\/www.smalandsakademi.se\/wp-content\/uploads\/2010\/10\/DSCF3018-300x225.jpg 300w\" sizes=\"auto, (max-width: 590px) 100vw, 590px\" \/><\/a><p id=\"caption-attachment-295\" class=\"wp-caption-text\">Linn\u00e9s R\u00e5shult<\/p><\/div>\n","protected":false},"excerpt":{"rendered":"<p>Sm\u00e5lands Akademi har som syfte att sprida glans och ljus [&hellip;]<\/p>\n","protected":false},"author":1,"featured_media":160,"parent":0,"menu_order":0,"comment_status":"open","ping_status":"open","template":"","meta":{"footnotes":""},"class_list":["post-4","page","type-page","status-publish","has-post-thumbnail","hentry"],"_links":{"self":[{"href":"https:\/\/www.smalandsakademi.se\/index.php?rest_route=\/wp\/v2\/pages\/4","targetHints":{"allow":["GET"]}}],"collection":[{"href":"https:\/\/www.smalandsakademi.se\/index.php?rest_route=\/wp\/v2\/pages"}],"about":[{"href":"https:\/\/www.smalandsakademi.se\/index.php?rest_route=\/wp\/v2\/types\/page"}],"author":[{"embeddable":true,"href":"https:\/\/www.smalandsakademi.se\/index.php?rest_route=\/wp\/v2\/users\/1"}],"replies":[{"embeddable":true,"href":"https:\/\/www.smalandsakademi.se\/index.php?rest_route=%2Fwp%2Fv2%2Fcomments&post=4"}],"version-history":[{"count":61,"href":"https:\/\/www.smalandsakademi.se\/index.php?rest_route=\/wp\/v2\/pages\/4\/revisions"}],"predecessor-version":[{"id":2008,"href":"https:\/\/www.smalandsakademi.se\/index.php?rest_route=\/wp\/v2\/pages\/4\/revisions\/2008"}],"wp:featuredmedia":[{"embeddable":true,"href":"https:\/\/www.smalandsakademi.se\/index.php?rest_route=\/wp\/v2\/media\/160"}],"wp:attachment":[{"href":"https:\/\/www.smalandsakademi.se\/index.php?rest_route=%2Fwp%2Fv2%2Fmedia&parent=4"}],"curies":[{"name":"wp","href":"https:\/\/api.w.org\/{rel}","templated":true}]}}